{"id":97,"date":"2022-04-07T11:57:13","date_gmt":"2022-04-07T08:57:13","guid":{"rendered":"https:\/\/izglitiba.sigulda.lv\/?page_id=97"},"modified":"2023-03-01T17:51:42","modified_gmt":"2023-03-01T14:51:42","slug":"97-2","status":"publish","type":"page","link":"https:\/\/izglitiba.sigulda.lv\/?page_id=97","title":{"rendered":""},"content":{"rendered":"\n<p><\/p>\n\n\n\n<p><strong>Izgl\u012bt\u012bbas iest\u0101d\u0113m aktu\u0101l\u0101s prezent\u0101cijas<\/strong>:<\/p>\n\n\n\n<p><a href=\"https:\/\/izglitiba.sigulda.lv\/wp-content\/uploads\/2022\/04\/LPS_IZM_prezentacija_PII.pdf\" target=\"_blank\" rel=\"noreferrer noopener\">Izgl\u012bt\u012bbas un zin\u0101tnes ministrijas prezent\u0101cija &#8220;Pirmsskolas izgl\u012bt\u012bba diskusijas uzs\u0101k\u0161ana&#8221; (07.03.2022)<\/a><\/p>\n\n\n\n<p><a href=\"https:\/\/izglitiba.sigulda.lv\/wp-content\/uploads\/2022\/04\/IP-SEMINARS-ID_060422_UA.pdf\" target=\"_blank\" rel=\"noreferrer noopener\">Aktu\u0101lie izgl\u012bt\u012bbas procesa nodro\u0161in\u0101\u0161anas jaut\u0101jumi nepilngad\u012bgajiem Ukrainas civiliedz\u012bvot\u0101jiem (06.04.2022)<\/a><\/p>\n\n\n\n<p><a href=\"https:\/\/izglitiba.sigulda.lv\/wp-content\/uploads\/2022\/04\/Izglitibas_Parvaldes_LIZDA-.pdf\">Sadarb\u012bba ar Izgl\u012bt\u012bbas p\u0101rvald\u0113m. LIZDA padomes san\u0101ksme (13.04.2022)<\/a><\/p>\n\n\n\n<p><a href=\"https:\/\/izglitiba.sigulda.lv\/wp-content\/uploads\/2022\/09\/Skolotaja_identitate.pdf\">Mekl\u0113jot skolot\u0101ja identit\u0101ti digit\u0101laj\u0101 laikmet\u0101. Dr. phil Skaidr\u012bte Lasmane (25.08.2022)<\/a><\/p>\n\n\n\n<p><a href=\"https:\/\/izglitiba.sigulda.lv\/wp-content\/uploads\/2023\/02\/Vaditaju_sarunas_3_02_2023_skolas-.pdf\" target=\"_blank\" rel=\"noreferrer noopener\">Skol2030 Vad\u012bt\u0101ju r\u012bta sarunas (3.02.2023)<\/a><\/p>\n\n\n\n<p><a href=\"https:\/\/izglitiba.sigulda.lv\/wp-content\/uploads\/2023\/03\/Attistibas_plans_tiesiskie-aspekti_J.Zivarts.pdf\" target=\"_blank\" rel=\"noreferrer noopener\">Izgl\u012bt\u012bbas iest\u0101des att\u012bst\u012bbas pl\u0101na veido\u0161ana<\/a><\/p>\n\n\n\n<p><a href=\"https:\/\/izglitiba.sigulda.lv\/wp-content\/uploads\/2023\/03\/Metodiskie-ieteikumi-attistibas-planam_13.06.2022_R.Ozols_.pdf\" target=\"_blank\" rel=\"noreferrer noopener\">Metodiskie ieteikumi izgl\u012bt\u012bbas att\u012bst\u012bbas pl\u0101na veido\u0161anai<\/a><\/p>\n\n\n\n<p><\/p>\n\n\n\n<p><strong>Digit\u0101lie m\u0101c\u012bbu l\u012bdzek\u013ci:<\/strong><\/p>\n\n\n\n<p><a href=\"https:\/\/www.robohub.online\/\">Digit\u0101lais m\u0101c\u012bbu l\u012bdzeklis izgl\u012btojo\u0161aj\u0101 ROBOTIK\u0100<\/a> <\/p>\n\n\n\n<p>M\u0101c\u012bbu l\u012bdzeklis paredz\u0113ts skolu pedagogiem (ar\u012b bez pieredzes) robotikas nodarb\u012bbu vad\u012b\u0161anai izmantojot LEGO education WeDo 2.0 un LEGO Mindstorms EV3 robotikas tehniku. Lego robotikas tehnika tiek izmantota pedago\u0123iskaj\u0101 darb\u0101 Mores pamatskol\u0101, Lauren\u010du s\u0101kumskol\u0101 un Siguldas 1. pamatskol\u0101.<\/p>\n\n\n\n<p>Digit\u0101lais m\u0101c\u012bbu l\u012bdzeklis satur:<\/p>\n\n\n\n<ul class=\"wp-block-list\">\n<li>metodiskos materi\u0101lus,<\/li>\n\n\n\n<li>teoriju,<\/li>\n\n\n\n<li>konstrukcijas pa so\u013ciem,<\/li>\n\n\n\n<li>programm\u0113\u0161anas un interakt\u012bvos uzdevumus,<\/li>\n\n\n\n<li>iesp\u0113ju pievienot klases b\u0113rnus k\u0101 ar\u012b sa\u0146emt progresu par izpild\u012btajiem uzdevumiem. <\/li>\n<\/ul>\n\n\n\n<p>K\u0101 lietot m\u0101c\u012bbu platformu?&nbsp;<a href=\"https:\/\/www.youtube.com\/watch?v=n_IUBGOcimE\" target=\"_blank\" rel=\"noreferrer noopener\">https:\/\/www.youtube.com\/watch?v=n_IUBGOcimE<\/a><\/p>\n\n\n\n<p><strong>Vebin\u0101ri<\/strong><\/p>\n\n\n\n<ul class=\"wp-block-list\">\n<li>P\u0101rmai\u0146as s\u0101kas ar beig\u0101m. <em>\u0160is vebin\u0101ra fragmenta ieraksts b\u016bs v\u0113rt\u012bgs vad\u012bt\u0101jiem<\/em>.<\/li>\n<\/ul>\n\n\n\n<ul class=\"wp-block-list\">\n<li>K\u0101 motiv\u0113t b\u0113rnu m\u0101c\u012bties? <em>\u0160is vebin\u0101ra ieraksts veidots vec\u0101kiem, bet noder\u0113s ar\u012b pedagogiem.<\/em><\/li>\n<\/ul>\n\n\n\n<ul class=\"wp-block-list\">\n<li>Laimes un sasniegumu formula. <\/li>\n<\/ul>\n\n\n\n<ul class=\"wp-block-list\">\n<li>\u0100rk\u0101rtas situ\u0101cija \u2013 ce\u013c\u0161 uz pa\u0161izaugsmi vai izdeg\u0161anu?<\/li>\n<\/ul>\n\n\n\n<p>Visus \u0161os video atrad\u012bsiet Youtube kan\u0101l\u0101: <a href=\"https:\/\/www.youtube.com\/channel\/UC93Yuki786kg_Qbg2QB1cew\">https:\/\/www.youtube.com\/channel\/UC93Yuki786kg_Qbg2QB1cew<\/a><\/p>\n\n\n\n<p><\/p>\n","protected":false},"excerpt":{"rendered":"<p>Izgl\u012bt\u012bbas iest\u0101d\u0113m aktu\u0101l\u0101s prezent\u0101cijas: Izgl\u012bt\u012bbas un zin\u0101tnes ministrijas prezent\u0101cija &#8220;Pirmsskolas izgl\u012bt\u012bba diskusijas uzs\u0101k\u0161ana&#8221; (07.03.2022) Aktu\u0101lie izgl\u012bt\u012bbas procesa nodro\u0161in\u0101\u0161anas jaut\u0101jumi nepilngad\u012bgajiem Ukrainas civiliedz\u012bvot\u0101jiem (06.04.2022) Sadarb\u012bba ar Izgl\u012bt\u012bbas p\u0101rvald\u0113m. LIZDA padomes san\u0101ksme (13.04.2022) Mekl\u0113jot skolot\u0101ja identit\u0101ti digit\u0101laj\u0101 laikmet\u0101. Dr. phil Skaidr\u012bte Lasmane (25.08.2022) Skol2030 Vad\u012bt\u0101ju r\u012bta sarunas (3.02.2023) Izgl\u012bt\u012bbas iest\u0101des att\u012bst\u012bbas pl\u0101na veido\u0161ana Metodiskie ieteikumi izgl\u012bt\u012bbas att\u012bst\u012bbas &#8230; <a title=\"\" class=\"read-more\" href=\"https:\/\/izglitiba.sigulda.lv\/?page_id=97\" aria-label=\"Read more about \">Las\u012bt t\u0101l\u0101k<\/a><\/p>\n","protected":false},"author":3,"featured_media":0,"parent":0,"menu_order":0,"comment_status":"closed","ping_status":"closed","template":"","meta":{"footnotes":""},"class_list":["post-97","page","type-page","status-publish"],"yoast_head":"<!-- This site is optimized with the Yoast SEO plugin v26.6 - https:\/\/yoast.com\/wordpress\/plugins\/seo\/ -->\n<title>- IZGL\u012aT\u012aBAS P\u0100RVALDE<\/title>\n<meta name=\"robots\" content=\"index, follow, max-snippet:-1, max-image-preview:large, max-video-preview:-1\" \/>\n<link rel=\"canonical\" href=\"https:\/\/izglitiba.sigulda.lv\/?page_id=97\" \/>\n<meta property=\"og:locale\" content=\"lv_LV\" \/>\n<meta property=\"og:type\" content=\"article\" \/>\n<meta property=\"og:title\" content=\"- IZGL\u012aT\u012aBAS P\u0100RVALDE\" \/>\n<meta property=\"og:description\" content=\"Izgl\u012bt\u012bbas iest\u0101d\u0113m aktu\u0101l\u0101s prezent\u0101cijas: Izgl\u012bt\u012bbas un zin\u0101tnes ministrijas prezent\u0101cija &#8220;Pirmsskolas izgl\u012bt\u012bba diskusijas uzs\u0101k\u0161ana&#8221; (07.03.2022) Aktu\u0101lie izgl\u012bt\u012bbas procesa nodro\u0161in\u0101\u0161anas jaut\u0101jumi nepilngad\u012bgajiem Ukrainas civiliedz\u012bvot\u0101jiem (06.04.2022) Sadarb\u012bba ar Izgl\u012bt\u012bbas p\u0101rvald\u0113m. LIZDA padomes san\u0101ksme (13.04.2022) Mekl\u0113jot skolot\u0101ja identit\u0101ti digit\u0101laj\u0101 laikmet\u0101. Dr. phil Skaidr\u012bte Lasmane (25.08.2022) Skol2030 Vad\u012bt\u0101ju r\u012bta sarunas (3.02.2023) Izgl\u012bt\u012bbas iest\u0101des att\u012bst\u012bbas pl\u0101na veido\u0161ana Metodiskie ieteikumi izgl\u012bt\u012bbas att\u012bst\u012bbas ... Las\u012bt t\u0101l\u0101k\" \/>\n<meta property=\"og:url\" content=\"https:\/\/izglitiba.sigulda.lv\/?page_id=97\" \/>\n<meta property=\"og:site_name\" content=\"IZGL\u012aT\u012aBAS P\u0100RVALDE\" \/>\n<meta property=\"article:modified_time\" content=\"2023-03-01T14:51:42+00:00\" \/>\n<meta name=\"twitter:card\" content=\"summary_large_image\" \/>\n<meta name=\"twitter:label1\" content=\"Est. reading time\" \/>\n\t<meta name=\"twitter:data1\" content=\"1 min\u016bte\" \/>\n<script type=\"application\/ld+json\" class=\"yoast-schema-graph\">{\"@context\":\"https:\/\/schema.org\",\"@graph\":[{\"@type\":\"WebPage\",\"@id\":\"https:\/\/izglitiba.sigulda.lv\/?page_id=97\",\"url\":\"https:\/\/izglitiba.sigulda.lv\/?page_id=97\",\"name\":\"- IZGL\u012aT\u012aBAS P\u0100RVALDE\",\"isPartOf\":{\"@id\":\"https:\/\/izglitiba.sigulda.lv\/#website\"},\"datePublished\":\"2022-04-07T08:57:13+00:00\",\"dateModified\":\"2023-03-01T14:51:42+00:00\",\"inLanguage\":\"lv-LV\",\"potentialAction\":[{\"@type\":\"ReadAction\",\"target\":[\"https:\/\/izglitiba.sigulda.lv\/?page_id=97\"]}]},{\"@type\":\"WebSite\",\"@id\":\"https:\/\/izglitiba.sigulda.lv\/#website\",\"url\":\"https:\/\/izglitiba.sigulda.lv\/\",\"name\":\"IZGL\u012aT\u012aBAS P\u0100RVALDE\",\"description\":\"IZGL\u012aT\u012aBAS P\u0100RVALDE\",\"publisher\":{\"@id\":\"https:\/\/izglitiba.sigulda.lv\/#organization\"},\"potentialAction\":[{\"@type\":\"SearchAction\",\"target\":{\"@type\":\"EntryPoint\",\"urlTemplate\":\"https:\/\/izglitiba.sigulda.lv\/?s={search_term_string}\"},\"query-input\":{\"@type\":\"PropertyValueSpecification\",\"valueRequired\":true,\"valueName\":\"search_term_string\"}}],\"inLanguage\":\"lv-LV\"},{\"@type\":\"Organization\",\"@id\":\"https:\/\/izglitiba.sigulda.lv\/#organization\",\"name\":\"IZGL\u012aT\u012aBAS P\u0100RVALDE\",\"url\":\"https:\/\/izglitiba.sigulda.lv\/\",\"logo\":{\"@type\":\"ImageObject\",\"inLanguage\":\"lv-LV\",\"@id\":\"https:\/\/izglitiba.sigulda.lv\/#\/schema\/logo\/image\/\",\"url\":\"https:\/\/izglitiba.sigulda.lv\/wp-content\/uploads\/2022\/04\/cropped-Sigulda-aizrauj-icon.png\",\"contentUrl\":\"https:\/\/izglitiba.sigulda.lv\/wp-content\/uploads\/2022\/04\/cropped-Sigulda-aizrauj-icon.png\",\"width\":300,\"height\":300,\"caption\":\"IZGL\u012aT\u012aBAS P\u0100RVALDE\"},\"image\":{\"@id\":\"https:\/\/izglitiba.sigulda.lv\/#\/schema\/logo\/image\/\"}}]}<\/script>\n<!-- \/ Yoast SEO plugin. -->","yoast_head_json":{"title":"- IZGL\u012aT\u012aBAS P\u0100RVALDE","robots":{"index":"index","follow":"follow","max-snippet":"max-snippet:-1","max-image-preview":"max-image-preview:large","max-video-preview":"max-video-preview:-1"},"canonical":"https:\/\/izglitiba.sigulda.lv\/?page_id=97","og_locale":"lv_LV","og_type":"article","og_title":"- IZGL\u012aT\u012aBAS P\u0100RVALDE","og_description":"Izgl\u012bt\u012bbas iest\u0101d\u0113m aktu\u0101l\u0101s prezent\u0101cijas: Izgl\u012bt\u012bbas un zin\u0101tnes ministrijas prezent\u0101cija &#8220;Pirmsskolas izgl\u012bt\u012bba diskusijas uzs\u0101k\u0161ana&#8221; (07.03.2022) Aktu\u0101lie izgl\u012bt\u012bbas procesa nodro\u0161in\u0101\u0161anas jaut\u0101jumi nepilngad\u012bgajiem Ukrainas civiliedz\u012bvot\u0101jiem (06.04.2022) Sadarb\u012bba ar Izgl\u012bt\u012bbas p\u0101rvald\u0113m. LIZDA padomes san\u0101ksme (13.04.2022) Mekl\u0113jot skolot\u0101ja identit\u0101ti digit\u0101laj\u0101 laikmet\u0101. Dr. phil Skaidr\u012bte Lasmane (25.08.2022) Skol2030 Vad\u012bt\u0101ju r\u012bta sarunas (3.02.2023) Izgl\u012bt\u012bbas iest\u0101des att\u012bst\u012bbas pl\u0101na veido\u0161ana Metodiskie ieteikumi izgl\u012bt\u012bbas att\u012bst\u012bbas ... Las\u012bt t\u0101l\u0101k","og_url":"https:\/\/izglitiba.sigulda.lv\/?page_id=97","og_site_name":"IZGL\u012aT\u012aBAS P\u0100RVALDE","article_modified_time":"2023-03-01T14:51:42+00:00","twitter_card":"summary_large_image","twitter_misc":{"Est. reading time":"1 min\u016bte"},"schema":{"@context":"https:\/\/schema.org","@graph":[{"@type":"WebPage","@id":"https:\/\/izglitiba.sigulda.lv\/?page_id=97","url":"https:\/\/izglitiba.sigulda.lv\/?page_id=97","name":"- IZGL\u012aT\u012aBAS P\u0100RVALDE","isPartOf":{"@id":"https:\/\/izglitiba.sigulda.lv\/#website"},"datePublished":"2022-04-07T08:57:13+00:00","dateModified":"2023-03-01T14:51:42+00:00","inLanguage":"lv-LV","potentialAction":[{"@type":"ReadAction","target":["https:\/\/izglitiba.sigulda.lv\/?page_id=97"]}]},{"@type":"WebSite","@id":"https:\/\/izglitiba.sigulda.lv\/#website","url":"https:\/\/izglitiba.sigulda.lv\/","name":"IZGL\u012aT\u012aBAS P\u0100RVALDE","description":"IZGL\u012aT\u012aBAS P\u0100RVALDE","publisher":{"@id":"https:\/\/izglitiba.sigulda.lv\/#organization"},"potentialAction":[{"@type":"SearchAction","target":{"@type":"EntryPoint","urlTemplate":"https:\/\/izglitiba.sigulda.lv\/?s={search_term_string}"},"query-input":{"@type":"PropertyValueSpecification","valueRequired":true,"valueName":"search_term_string"}}],"inLanguage":"lv-LV"},{"@type":"Organization","@id":"https:\/\/izglitiba.sigulda.lv\/#organization","name":"IZGL\u012aT\u012aBAS P\u0100RVALDE","url":"https:\/\/izglitiba.sigulda.lv\/","logo":{"@type":"ImageObject","inLanguage":"lv-LV","@id":"https:\/\/izglitiba.sigulda.lv\/#\/schema\/logo\/image\/","url":"https:\/\/izglitiba.sigulda.lv\/wp-content\/uploads\/2022\/04\/cropped-Sigulda-aizrauj-icon.png","contentUrl":"https:\/\/izglitiba.sigulda.lv\/wp-content\/uploads\/2022\/04\/cropped-Sigulda-aizrauj-icon.png","width":300,"height":300,"caption":"IZGL\u012aT\u012aBAS P\u0100RVALDE"},"image":{"@id":"https:\/\/izglitiba.sigulda.lv\/#\/schema\/logo\/image\/"}}]}},"_links":{"self":[{"href":"https:\/\/izglitiba.sigulda.lv\/index.php?rest_route=\/wp\/v2\/pages\/97","targetHints":{"allow":["GET"]}}],"collection":[{"href":"https:\/\/izglitiba.sigulda.lv\/index.php?rest_route=\/wp\/v2\/pages"}],"about":[{"href":"https:\/\/izglitiba.sigulda.lv\/index.php?rest_route=\/wp\/v2\/types\/page"}],"author":[{"embeddable":true,"href":"https:\/\/izglitiba.sigulda.lv\/index.php?rest_route=\/wp\/v2\/users\/3"}],"replies":[{"embeddable":true,"href":"https:\/\/izglitiba.sigulda.lv\/index.php?rest_route=%2Fwp%2Fv2%2Fcomments&post=97"}],"version-history":[{"count":13,"href":"https:\/\/izglitiba.sigulda.lv\/index.php?rest_route=\/wp\/v2\/pages\/97\/revisions"}],"predecessor-version":[{"id":341,"href":"https:\/\/izglitiba.sigulda.lv\/index.php?rest_route=\/wp\/v2\/pages\/97\/revisions\/341"}],"wp:attachment":[{"href":"https:\/\/izglitiba.sigulda.lv\/index.php?rest_route=%2Fwp%2Fv2%2Fmedia&parent=97"}],"curies":[{"name":"wp","href":"https:\/\/api.w.org\/{rel}","templated":true}]}}