{"id":50,"date":"2022-04-03T18:58:00","date_gmt":"2022-04-03T15:58:00","guid":{"rendered":"https:\/\/izglitiba.sigulda.lv\/?page_id=50"},"modified":"2022-11-01T16:26:47","modified_gmt":"2022-11-01T13:26:47","slug":"50-2","status":"publish","type":"page","link":"https:\/\/izglitiba.sigulda.lv\/?page_id=50","title":{"rendered":""},"content":{"rendered":"\n<h2 class=\"wp-block-heading\">Valsts m\u0101c\u012bbu priek\u0161metu olimpi\u0101des 2022.\/2023. m\u0101c\u012bbu gad\u0101<\/h2>\n\n\n\n<figure class=\"wp-block-table\"><table><tbody><tr><td><strong>M\u0101c\u012bbu priek\u0161mets<\/strong><\/td><td><strong>Klase<\/strong><\/td><td><strong>2.posms<br>novados\/pils\u0113t\u0101s\/<br>novadu apvien\u012bb\u0101s<\/strong><\/td><td><strong>3.posms<br>valsts olimpi\u0101de<\/strong><\/td><\/tr><tr><td><strong>Ang\u013cu valoda<\/strong><\/td><td>10.-12.<\/td><td>03.11.2022.&nbsp;<\/td><td>15.12.2022. &#8211; I\u202fk\u0101rta&nbsp;&nbsp;<br>10.02.2023. &#8211;&nbsp; II\u202fk\u0101rta<\/td><\/tr><tr><td><strong>Biolo\u0123ija<\/strong><\/td><td>9.-12.<\/td><td>30.11.2022.<\/td><td>25.-27.01.2023.<\/td><\/tr><tr><td><strong>Ekonomika<\/strong><\/td><td>10.-12.<\/td><td>23.01.2023.<\/td><td>23.02.2023.<\/td><\/tr><tr><td><strong>Filozofija<\/strong><\/td><td>11.-12.<\/td><td>01.12.2022.<\/td><td>20.02.2023.<\/td><\/tr><tr><td><strong>Fizika<\/strong><\/td><td>9.-12.<\/td><td>20.01.2023.<\/td><td>23.03.2023.<\/td><\/tr><tr><td><strong>Fran\u010du valoda<\/strong><\/td><td>8.-12.<\/td><td>18.01.2023.<\/td><td>11.03.2023.<\/td><\/tr><tr><td><strong>\u0122eogr\u0101fija<\/strong><\/td><td>10.-12.<\/td><td>07.02.2023.<\/td><td>13.-14.04.2023.<\/td><\/tr><tr><td><strong>Inform\u0101tika (programm\u0113\u0161ana)<\/strong><\/td><td>8.-12.<\/td><td>16.01.2023.<\/td><td>01. &#8211; 03.03.2023.<\/td><\/tr><tr><td><strong>\u0136\u012bmija<\/strong><\/td><td>9.-12.<\/td><td>12.01.2023.<\/td><td>07. &#8211; 09.03.2023.<\/td><\/tr><tr><td><strong>Latvie\u0161u valoda un literat\u016bra<\/strong><\/td><td>8.-9.<\/td><td>09.02.2023.&nbsp;<\/td><td>28.03.2023.<\/td><\/tr><tr><td><strong>Latvie\u0161u valoda un literat\u016bra<\/strong><\/td><td>11.-12.<\/td><td>01.02.2023.<\/td><td>03.04.2023.<\/td><\/tr><tr><td><strong>Latvie\u0161u valoda (maz\u0101kumtaut\u012bbu izgl\u012bt\u012bbas programmu)<\/strong><\/td><td>7.-8.<\/td><td>01.11.2022.<\/td><td>02.12.2022. \u2013 I\u202fk\u0101rta&nbsp;<br>10.01.2023. \u2013 II\u202fk\u0101rta<\/td><\/tr><tr><td><strong>Matem\u0101tika<\/strong><\/td><td>9.-12.<\/td><td>03.02.2023.<\/td><td>06.04.2023.<\/td><\/tr><tr><td><strong>V\u0101cu valoda<\/strong><\/td><td>10.-12.<\/td><td>05.12.2022.<\/td><td>13.01.2023. \u2013 I k\u0101rta&nbsp;<br>17.02.2023. \u2013 II k\u0101rta<\/td><\/tr><tr><td><strong>V\u0113sture<\/strong><\/td><td>9.<\/td><td>09.12.2022.<\/td><td>14.02.2023.<\/td><\/tr><tr><td><strong>V\u0113sture<\/strong><\/td><td>10.-12.<\/td><td>09.12.2022.<\/td><td>13.02.2023.<\/td><\/tr><\/tbody><\/table><\/figure>\n\n\n\n<h2 class=\"wp-block-heading\">Sadarb\u012bbas partneru m\u0101c\u012bbu priek\u0161metu olimpi\u0101des&nbsp;<\/h2>\n\n\n\n<figure class=\"wp-block-table\"><table><tbody><tr><td><strong>M\u0101c\u012bbu priek\u0161mets<\/strong><\/td><td><strong>Klase<\/strong><\/td><td><strong>Olimpi\u0101des norises laiks<\/strong><\/td><\/tr><tr><td><strong>V\u0101cu valoda<\/strong><\/td><td>8.-9.<\/td><td>12.04.2023.<\/td><\/tr><tr><td><strong>Matem\u0101tika<\/strong><\/td><td>5.-8.<\/td><td>10.03.2023.<\/td><\/tr><tr><td><strong>Latvijas atkl\u0101t\u0101 fizikas olimpi\u0101de<\/strong><\/td><td>9.-12.<\/td><td>12.02.2023.<\/td><\/tr><\/tbody><\/table><\/figure>\n\n\n\n<p><strong>Aktu\u0101lie m\u0101c\u012bbu priek\u0161metu olimpi\u0101\u017eu nolikumi<\/strong>:<\/p>\n\n\n\n<p><a href=\"https:\/\/izglitiba.sigulda.lv\/wp-content\/uploads\/2022\/11\/Anglu-valoda-10.-12.kl_..pdf\" target=\"_blank\" rel=\"noreferrer noopener\">Siguldas novada apvien\u012bbas II posma Ang\u013cu valodas olimpi\u0101des nolikums<\/a><\/p>\n\n\n\n<p><a href=\"https:\/\/izglitiba.sigulda.lv\/wp-content\/uploads\/2022\/11\/Sigulda__Vesture_-9_12_kl-2022.23.pdf\" target=\"_blank\" rel=\"noreferrer noopener\">Siguldas novada apvien\u012bbas II posma V\u0113stures olimpi\u0101des nolikums<\/a><\/p>\n","protected":false},"excerpt":{"rendered":"<p>Valsts m\u0101c\u012bbu priek\u0161metu olimpi\u0101des 2022.\/2023. m\u0101c\u012bbu gad\u0101 M\u0101c\u012bbu priek\u0161mets Klase 2.posmsnovados\/pils\u0113t\u0101s\/novadu apvien\u012bb\u0101s 3.posmsvalsts olimpi\u0101de Ang\u013cu valoda 10.-12. 03.11.2022.&nbsp; 15.12.2022. &#8211; I\u202fk\u0101rta&nbsp;&nbsp;10.02.2023. &#8211;&nbsp; II\u202fk\u0101rta Biolo\u0123ija 9.-12. 30.11.2022. 25.-27.01.2023. Ekonomika 10.-12. 23.01.2023. 23.02.2023. Filozofija 11.-12. 01.12.2022. 20.02.2023. Fizika 9.-12. 20.01.2023. 23.03.2023. Fran\u010du valoda 8.-12. 18.01.2023. 11.03.2023. \u0122eogr\u0101fija 10.-12. 07.02.2023. 13.-14.04.2023. Inform\u0101tika (programm\u0113\u0161ana) 8.-12. 16.01.2023. 01. &#8211; 03.03.2023. &#8230; <a title=\"\" class=\"read-more\" href=\"https:\/\/izglitiba.sigulda.lv\/?page_id=50\" aria-label=\"Read more about \">Las\u012bt t\u0101l\u0101k<\/a><\/p>\n","protected":false},"author":3,"featured_media":0,"parent":0,"menu_order":0,"comment_status":"closed","ping_status":"closed","template":"","meta":{"footnotes":""},"class_list":["post-50","page","type-page","status-publish"],"yoast_head":"<!-- This site is optimized with the Yoast SEO plugin v26.6 - https:\/\/yoast.com\/wordpress\/plugins\/seo\/ -->\n<title>- IZGL\u012aT\u012aBAS P\u0100RVALDE<\/title>\n<meta name=\"robots\" content=\"index, follow, max-snippet:-1, max-image-preview:large, max-video-preview:-1\" \/>\n<link rel=\"canonical\" href=\"https:\/\/izglitiba.sigulda.lv\/?page_id=50\" \/>\n<meta property=\"og:locale\" content=\"lv_LV\" \/>\n<meta property=\"og:type\" content=\"article\" \/>\n<meta property=\"og:title\" content=\"- IZGL\u012aT\u012aBAS P\u0100RVALDE\" \/>\n<meta property=\"og:description\" content=\"Valsts m\u0101c\u012bbu priek\u0161metu olimpi\u0101des 2022.\/2023. m\u0101c\u012bbu gad\u0101 M\u0101c\u012bbu priek\u0161mets Klase 2.posmsnovados\/pils\u0113t\u0101s\/novadu apvien\u012bb\u0101s 3.posmsvalsts olimpi\u0101de Ang\u013cu valoda 10.-12. 03.11.2022.&nbsp; 15.12.2022. &#8211; I\u202fk\u0101rta&nbsp;&nbsp;10.02.2023. &#8211;&nbsp; II\u202fk\u0101rta Biolo\u0123ija 9.-12. 30.11.2022. 25.-27.01.2023. Ekonomika 10.-12. 23.01.2023. 23.02.2023. Filozofija 11.-12. 01.12.2022. 20.02.2023. Fizika 9.-12. 20.01.2023. 23.03.2023. Fran\u010du valoda 8.-12. 18.01.2023. 11.03.2023. \u0122eogr\u0101fija 10.-12. 07.02.2023. 13.-14.04.2023. Inform\u0101tika (programm\u0113\u0161ana) 8.-12. 16.01.2023. 01. &#8211; 03.03.2023. ... Las\u012bt t\u0101l\u0101k\" \/>\n<meta property=\"og:url\" content=\"https:\/\/izglitiba.sigulda.lv\/?page_id=50\" \/>\n<meta property=\"og:site_name\" content=\"IZGL\u012aT\u012aBAS P\u0100RVALDE\" \/>\n<meta property=\"article:modified_time\" content=\"2022-11-01T13:26:47+00:00\" \/>\n<meta name=\"twitter:card\" content=\"summary_large_image\" \/>\n<meta name=\"twitter:label1\" content=\"Est. reading time\" \/>\n\t<meta name=\"twitter:data1\" content=\"1 min\u016bte\" \/>\n<script type=\"application\/ld+json\" class=\"yoast-schema-graph\">{\"@context\":\"https:\/\/schema.org\",\"@graph\":[{\"@type\":\"WebPage\",\"@id\":\"https:\/\/izglitiba.sigulda.lv\/?page_id=50\",\"url\":\"https:\/\/izglitiba.sigulda.lv\/?page_id=50\",\"name\":\"- IZGL\u012aT\u012aBAS P\u0100RVALDE\",\"isPartOf\":{\"@id\":\"https:\/\/izglitiba.sigulda.lv\/#website\"},\"datePublished\":\"2022-04-03T15:58:00+00:00\",\"dateModified\":\"2022-11-01T13:26:47+00:00\",\"inLanguage\":\"lv-LV\",\"potentialAction\":[{\"@type\":\"ReadAction\",\"target\":[\"https:\/\/izglitiba.sigulda.lv\/?page_id=50\"]}]},{\"@type\":\"WebSite\",\"@id\":\"https:\/\/izglitiba.sigulda.lv\/#website\",\"url\":\"https:\/\/izglitiba.sigulda.lv\/\",\"name\":\"IZGL\u012aT\u012aBAS P\u0100RVALDE\",\"description\":\"IZGL\u012aT\u012aBAS P\u0100RVALDE\",\"publisher\":{\"@id\":\"https:\/\/izglitiba.sigulda.lv\/#organization\"},\"potentialAction\":[{\"@type\":\"SearchAction\",\"target\":{\"@type\":\"EntryPoint\",\"urlTemplate\":\"https:\/\/izglitiba.sigulda.lv\/?s={search_term_string}\"},\"query-input\":{\"@type\":\"PropertyValueSpecification\",\"valueRequired\":true,\"valueName\":\"search_term_string\"}}],\"inLanguage\":\"lv-LV\"},{\"@type\":\"Organization\",\"@id\":\"https:\/\/izglitiba.sigulda.lv\/#organization\",\"name\":\"IZGL\u012aT\u012aBAS P\u0100RVALDE\",\"url\":\"https:\/\/izglitiba.sigulda.lv\/\",\"logo\":{\"@type\":\"ImageObject\",\"inLanguage\":\"lv-LV\",\"@id\":\"https:\/\/izglitiba.sigulda.lv\/#\/schema\/logo\/image\/\",\"url\":\"https:\/\/izglitiba.sigulda.lv\/wp-content\/uploads\/2022\/04\/cropped-Sigulda-aizrauj-icon.png\",\"contentUrl\":\"https:\/\/izglitiba.sigulda.lv\/wp-content\/uploads\/2022\/04\/cropped-Sigulda-aizrauj-icon.png\",\"width\":300,\"height\":300,\"caption\":\"IZGL\u012aT\u012aBAS P\u0100RVALDE\"},\"image\":{\"@id\":\"https:\/\/izglitiba.sigulda.lv\/#\/schema\/logo\/image\/\"}}]}<\/script>\n<!-- \/ Yoast SEO plugin. -->","yoast_head_json":{"title":"- IZGL\u012aT\u012aBAS P\u0100RVALDE","robots":{"index":"index","follow":"follow","max-snippet":"max-snippet:-1","max-image-preview":"max-image-preview:large","max-video-preview":"max-video-preview:-1"},"canonical":"https:\/\/izglitiba.sigulda.lv\/?page_id=50","og_locale":"lv_LV","og_type":"article","og_title":"- IZGL\u012aT\u012aBAS P\u0100RVALDE","og_description":"Valsts m\u0101c\u012bbu priek\u0161metu olimpi\u0101des 2022.\/2023. m\u0101c\u012bbu gad\u0101 M\u0101c\u012bbu priek\u0161mets Klase 2.posmsnovados\/pils\u0113t\u0101s\/novadu apvien\u012bb\u0101s 3.posmsvalsts olimpi\u0101de Ang\u013cu valoda 10.-12. 03.11.2022.&nbsp; 15.12.2022. &#8211; I\u202fk\u0101rta&nbsp;&nbsp;10.02.2023. &#8211;&nbsp; II\u202fk\u0101rta Biolo\u0123ija 9.-12. 30.11.2022. 25.-27.01.2023. Ekonomika 10.-12. 23.01.2023. 23.02.2023. Filozofija 11.-12. 01.12.2022. 20.02.2023. Fizika 9.-12. 20.01.2023. 23.03.2023. Fran\u010du valoda 8.-12. 18.01.2023. 11.03.2023. \u0122eogr\u0101fija 10.-12. 07.02.2023. 13.-14.04.2023. Inform\u0101tika (programm\u0113\u0161ana) 8.-12. 16.01.2023. 01. &#8211; 03.03.2023. ... Las\u012bt t\u0101l\u0101k","og_url":"https:\/\/izglitiba.sigulda.lv\/?page_id=50","og_site_name":"IZGL\u012aT\u012aBAS P\u0100RVALDE","article_modified_time":"2022-11-01T13:26:47+00:00","twitter_card":"summary_large_image","twitter_misc":{"Est. reading time":"1 min\u016bte"},"schema":{"@context":"https:\/\/schema.org","@graph":[{"@type":"WebPage","@id":"https:\/\/izglitiba.sigulda.lv\/?page_id=50","url":"https:\/\/izglitiba.sigulda.lv\/?page_id=50","name":"- IZGL\u012aT\u012aBAS P\u0100RVALDE","isPartOf":{"@id":"https:\/\/izglitiba.sigulda.lv\/#website"},"datePublished":"2022-04-03T15:58:00+00:00","dateModified":"2022-11-01T13:26:47+00:00","inLanguage":"lv-LV","potentialAction":[{"@type":"ReadAction","target":["https:\/\/izglitiba.sigulda.lv\/?page_id=50"]}]},{"@type":"WebSite","@id":"https:\/\/izglitiba.sigulda.lv\/#website","url":"https:\/\/izglitiba.sigulda.lv\/","name":"IZGL\u012aT\u012aBAS P\u0100RVALDE","description":"IZGL\u012aT\u012aBAS P\u0100RVALDE","publisher":{"@id":"https:\/\/izglitiba.sigulda.lv\/#organization"},"potentialAction":[{"@type":"SearchAction","target":{"@type":"EntryPoint","urlTemplate":"https:\/\/izglitiba.sigulda.lv\/?s={search_term_string}"},"query-input":{"@type":"PropertyValueSpecification","valueRequired":true,"valueName":"search_term_string"}}],"inLanguage":"lv-LV"},{"@type":"Organization","@id":"https:\/\/izglitiba.sigulda.lv\/#organization","name":"IZGL\u012aT\u012aBAS P\u0100RVALDE","url":"https:\/\/izglitiba.sigulda.lv\/","logo":{"@type":"ImageObject","inLanguage":"lv-LV","@id":"https:\/\/izglitiba.sigulda.lv\/#\/schema\/logo\/image\/","url":"https:\/\/izglitiba.sigulda.lv\/wp-content\/uploads\/2022\/04\/cropped-Sigulda-aizrauj-icon.png","contentUrl":"https:\/\/izglitiba.sigulda.lv\/wp-content\/uploads\/2022\/04\/cropped-Sigulda-aizrauj-icon.png","width":300,"height":300,"caption":"IZGL\u012aT\u012aBAS P\u0100RVALDE"},"image":{"@id":"https:\/\/izglitiba.sigulda.lv\/#\/schema\/logo\/image\/"}}]}},"_links":{"self":[{"href":"https:\/\/izglitiba.sigulda.lv\/index.php?rest_route=\/wp\/v2\/pages\/50","targetHints":{"allow":["GET"]}}],"collection":[{"href":"https:\/\/izglitiba.sigulda.lv\/index.php?rest_route=\/wp\/v2\/pages"}],"about":[{"href":"https:\/\/izglitiba.sigulda.lv\/index.php?rest_route=\/wp\/v2\/types\/page"}],"author":[{"embeddable":true,"href":"https:\/\/izglitiba.sigulda.lv\/index.php?rest_route=\/wp\/v2\/users\/3"}],"replies":[{"embeddable":true,"href":"https:\/\/izglitiba.sigulda.lv\/index.php?rest_route=%2Fwp%2Fv2%2Fcomments&post=50"}],"version-history":[{"count":14,"href":"https:\/\/izglitiba.sigulda.lv\/index.php?rest_route=\/wp\/v2\/pages\/50\/revisions"}],"predecessor-version":[{"id":318,"href":"https:\/\/izglitiba.sigulda.lv\/index.php?rest_route=\/wp\/v2\/pages\/50\/revisions\/318"}],"wp:attachment":[{"href":"https:\/\/izglitiba.sigulda.lv\/index.php?rest_route=%2Fwp%2Fv2%2Fmedia&parent=50"}],"curies":[{"name":"wp","href":"https:\/\/api.w.org\/{rel}","templated":true}]}}