{"id":48,"date":"2022-04-03T18:42:38","date_gmt":"2022-04-03T15:42:38","guid":{"rendered":"https:\/\/izglitiba.sigulda.lv\/?page_id=48"},"modified":"2022-10-19T10:58:28","modified_gmt":"2022-10-19T07:58:28","slug":"48-2","status":"publish","type":"page","link":"https:\/\/izglitiba.sigulda.lv\/?page_id=48","title":{"rendered":""},"content":{"rendered":"\n<h2 class=\"wp-block-heading\">Izgl\u012bt\u012bbas jomas 2022.\/2023.m\u0101c\u012bbu gada priorit\u0101tes<\/h2>\n\n\n\n<p><\/p>\n\n\n\n<h4 class=\"wp-block-heading\">1. Daudzveid\u012bga m\u0101c\u012bbu satura pied\u0101v\u0101jums visp\u0101r\u0113j\u0101s vid\u0113j\u0101s izgl\u012bt\u012bbas posm\u0101, piev\u0113r\u0161ot uzman\u012bbu padzi\u013cin\u0101tiem un specializ\u0113tiem kursu pied\u0101v\u0101jumiem.<\/h4>\n\n\n\n<h4 class=\"wp-block-heading\">2. Kvalitat\u012bvas, pieejamas iek\u013caujo\u0161\u0101s izgl\u012bt\u012bbas nodro\u0161in\u0101\u0161ana, respekt\u0113jot b\u0113rnu un jaunie\u0161u da\u017e\u0101d\u0101s m\u0101c\u012b\u0161an\u0101s vajadz\u012bbas.<\/h4>\n\n\n\n<h4 class=\"wp-block-heading\">3. Inform\u0101cijas un komunik\u0101cijas tehnolo\u0123iju j\u0113gpilna un efekt\u012bva izmanto\u0161ana jaunu zin\u0101\u0161anu apguvei kl\u0101tienes un att\u0101lin\u0101t\u0101 m\u0101c\u012bbu proces\u0101.<\/h4>\n\n\n\n<h4 class=\"has-text-align-left wp-block-heading\">4. Pozit\u012bvas las\u012bt un rakst\u012bt pieredzes veido\u0161ana, kuras rezult\u0101t\u0101 uzlabojas b\u0113rnu un jaunie\u0161u person\u012bg\u0101 izaugsme.<\/h4>\n\n\n\n<h4 class=\"has-text-align-left wp-block-heading\">5. Izgl\u012bt\u012bbas iest\u0101\u017eu lomas transform\u0101cija, kuras ietvaros izgl\u012bt\u012bbas iest\u0101des k\u013c\u016bst par &#8220;m\u0101c\u012b\u0161an\u0101s organiz\u0101cij\u0101m&#8221;, kas pied\u0101v\u0101 daudzveid\u012bgas m\u0101c\u012b\u0161an\u0101s iesp\u0113jas daudzveid\u012bg\u0101m m\u0113r\u0137u grup\u0101m.<\/h4>\n\n\n\n<hr class=\"wp-block-separator has-alpha-channel-opacity\"\/>\n\n\n\n<h2 class=\"wp-block-heading\">M\u0101c\u012bbu jomu koordin\u0101tori Siguldas novad\u0101<\/h2>\n\n\n\n<p><\/p>\n\n\n\n<figure class=\"wp-block-table\"><table><tbody><tr><td>Nr.<\/td><td>M\u0101c\u012bbu joma<\/td><td>V\u0101rds, uzv\u0101rds<\/td><td>Darba vieta, amats, m\u0101c\u012bbu priek\u0161mets<\/td><td>e-pasts sazi\u0146ai<\/td><td>T\u0101lru\u0146a nr. sazi\u0146ai<\/td><\/tr><tr><td>1.<\/td><td>Pirmsskolas un s\u0101kumskolas<\/td><td>El\u012bna Ozoli\u0146a<\/td><td><strong>Lauren\u010du s\u0101kumskola<\/strong>, direktora vietniece izgl\u012bt\u012bbas jom\u0101<\/td><td><a href=\"mailto:elina.ozolina@sigulda.lv\">elina.ozolina@sigulda.lv<\/a><\/td><td>29920783<\/td><\/tr><tr><td>2.<\/td><td>Soci\u0101l\u0101 un pilsonisk\u0101<\/td><td>Inese Berga<\/td><td><strong>Siguldas Valsts \u0123imn\u0101zija<\/strong>, v\u0113stures skolot\u0101ja 7.-12.klases<\/td><td><a href=\"mailto:inese.berga@svg.lv\">inese.berga@svg.lv<\/a><\/td><td>26300466<\/td><\/tr><tr><td>3.<\/td><td>Valodu<\/td><td>Ing\u016bna Vu\u0161k\u0101ne<br><br>Ineta Dvinska<\/td><td><strong>Siguldas Valsts \u0123imn\u0101zija<\/strong>, direktora vietniece, latvie\u0161u valodas un literat\u016bras skolot\u0101ja vidusskol\u0101<br><br><strong>Siguldas Valsts \u0123imn\u0101zija<\/strong>, ang\u013cu valodas skolot\u0101ja vidusskol\u0101, sve\u0161valodu MC vad\u012bt\u0101ja<\/td><td><a href=\"mailto:inguna.vuskane@svg.lv\">inguna.vuskane@svg.lv<\/a><br>&nbsp;<br><a href=\"mailto:ineta.dvinska@svg.lv\">ineta.dvinska@svg.lv<\/a><\/td><td>29461317<br>&nbsp;<br>25908438<\/td><\/tr><tr><td>4.<\/td><td>Tehnolo\u0123iju<\/td><td>Gun\u0101rs Kanbergs<\/td><td><strong>Siguldas Valsts \u0123imn\u0101zija<\/strong>, inform\u0101tikas skolot\u0101js 7.-9.klases<\/td><td><a href=\"mailto:gunars.kanbergs@svg.lv\">gunars.kanbergs@svg.lv<\/a><\/td><td>29610186<\/td><\/tr><tr><td>5.<\/td><td>Vesel\u012bbas un fizisk\u0101s aktivit\u0101tes<\/td><td>Anda V\u012bksna<\/td><td><strong>Siguldas Valsts \u0123imn\u0101zija<\/strong>, sporta MC vad\u012bt\u0101ja, sporta skolot\u0101ja 7.-12.klases<\/td><td><a href=\"mailto:anda.viksna@svg.lv\">anda.viksna@svg.lv<\/a><\/td><td>26593734<\/td><\/tr><tr><td>6.<\/td><td>Kult\u016bras izpratnes un pa\u0161izpausmes m\u0101ksl\u0101<\/td><td>Krist\u012bne Apine<\/td><td><strong>Siguldas Valsts \u0123imn\u0101zija<\/strong>, m\u0101jtur\u012bbas un tehnolo\u0123iju skolot\u0101ja 7.-9.klases<\/td><td><a href=\"mailto:kristine.apine@svg.lv\">kristine.apine@svg.lv<\/a><\/td><td>25902028<\/td><\/tr><tr><td>7.<\/td><td>Matem\u0101tikas<\/td><td>Daiga J\u0113kabsone<\/td><td><strong>Siguldas Valsts \u0123imn\u0101zija<\/strong>, matem\u0101tikas skolot\u0101ja vidusskol\u0101, Matem\u0101tikas MC vad\u012bt\u0101ja<\/td><td><a href=\"mailto:daiga.jekabsone@svg.lv\">daiga.jekabsone@svg.lv<\/a><\/td><td>29550731<\/td><\/tr><tr><td>8.<\/td><td>Dabaszinat\u0146u<\/td><td>J\u0101nis Bukins<\/td><td><strong>Siguldas Valsts \u0123imn\u0101zija<\/strong>, fizikas skolot\u0101js vidusskol\u0101, dabaszin\u0101t\u0146u MC vad\u012bt\u0101js<\/td><td><a href=\"mailto:janis.bukins@svg.lv\">janis.bukins@svg.lv<\/a><\/td><td>26437734<\/td><\/tr><\/tbody><\/table><\/figure>\n\n\n\n<p> &nbsp;<\/p>\n","protected":false},"excerpt":{"rendered":"<p>Izgl\u012bt\u012bbas jomas 2022.\/2023.m\u0101c\u012bbu gada priorit\u0101tes 1. Daudzveid\u012bga m\u0101c\u012bbu satura pied\u0101v\u0101jums visp\u0101r\u0113j\u0101s vid\u0113j\u0101s izgl\u012bt\u012bbas posm\u0101, piev\u0113r\u0161ot uzman\u012bbu padzi\u013cin\u0101tiem un specializ\u0113tiem kursu pied\u0101v\u0101jumiem. 2. Kvalitat\u012bvas, pieejamas iek\u013caujo\u0161\u0101s izgl\u012bt\u012bbas nodro\u0161in\u0101\u0161ana, respekt\u0113jot b\u0113rnu un jaunie\u0161u da\u017e\u0101d\u0101s m\u0101c\u012b\u0161an\u0101s vajadz\u012bbas. 3. Inform\u0101cijas un komunik\u0101cijas tehnolo\u0123iju j\u0113gpilna un efekt\u012bva izmanto\u0161ana jaunu zin\u0101\u0161anu apguvei kl\u0101tienes un att\u0101lin\u0101t\u0101 m\u0101c\u012bbu proces\u0101. 4. Pozit\u012bvas las\u012bt un &#8230; <a title=\"\" class=\"read-more\" href=\"https:\/\/izglitiba.sigulda.lv\/?page_id=48\" aria-label=\"Read more about \">Las\u012bt t\u0101l\u0101k<\/a><\/p>\n","protected":false},"author":3,"featured_media":0,"parent":0,"menu_order":0,"comment_status":"closed","ping_status":"closed","template":"","meta":{"footnotes":""},"class_list":["post-48","page","type-page","status-publish"],"yoast_head":"<!-- This site is optimized with the Yoast SEO plugin v26.6 - https:\/\/yoast.com\/wordpress\/plugins\/seo\/ -->\n<title>- IZGL\u012aT\u012aBAS P\u0100RVALDE<\/title>\n<meta name=\"robots\" content=\"index, follow, max-snippet:-1, max-image-preview:large, max-video-preview:-1\" \/>\n<link rel=\"canonical\" href=\"https:\/\/izglitiba.sigulda.lv\/?page_id=48\" \/>\n<meta property=\"og:locale\" content=\"lv_LV\" \/>\n<meta property=\"og:type\" content=\"article\" \/>\n<meta property=\"og:title\" content=\"- IZGL\u012aT\u012aBAS P\u0100RVALDE\" \/>\n<meta property=\"og:description\" content=\"Izgl\u012bt\u012bbas jomas 2022.\/2023.m\u0101c\u012bbu gada priorit\u0101tes 1. Daudzveid\u012bga m\u0101c\u012bbu satura pied\u0101v\u0101jums visp\u0101r\u0113j\u0101s vid\u0113j\u0101s izgl\u012bt\u012bbas posm\u0101, piev\u0113r\u0161ot uzman\u012bbu padzi\u013cin\u0101tiem un specializ\u0113tiem kursu pied\u0101v\u0101jumiem. 2. Kvalitat\u012bvas, pieejamas iek\u013caujo\u0161\u0101s izgl\u012bt\u012bbas nodro\u0161in\u0101\u0161ana, respekt\u0113jot b\u0113rnu un jaunie\u0161u da\u017e\u0101d\u0101s m\u0101c\u012b\u0161an\u0101s vajadz\u012bbas. 3. Inform\u0101cijas un komunik\u0101cijas tehnolo\u0123iju j\u0113gpilna un efekt\u012bva izmanto\u0161ana jaunu zin\u0101\u0161anu apguvei kl\u0101tienes un att\u0101lin\u0101t\u0101 m\u0101c\u012bbu proces\u0101. 4. Pozit\u012bvas las\u012bt un ... Las\u012bt t\u0101l\u0101k\" \/>\n<meta property=\"og:url\" content=\"https:\/\/izglitiba.sigulda.lv\/?page_id=48\" \/>\n<meta property=\"og:site_name\" content=\"IZGL\u012aT\u012aBAS P\u0100RVALDE\" \/>\n<meta property=\"article:modified_time\" content=\"2022-10-19T07:58:28+00:00\" \/>\n<meta name=\"twitter:card\" content=\"summary_large_image\" \/>\n<meta name=\"twitter:label1\" content=\"Est. reading time\" \/>\n\t<meta name=\"twitter:data1\" content=\"2 min\u016btes\" \/>\n<script type=\"application\/ld+json\" class=\"yoast-schema-graph\">{\"@context\":\"https:\/\/schema.org\",\"@graph\":[{\"@type\":\"WebPage\",\"@id\":\"https:\/\/izglitiba.sigulda.lv\/?page_id=48\",\"url\":\"https:\/\/izglitiba.sigulda.lv\/?page_id=48\",\"name\":\"- IZGL\u012aT\u012aBAS P\u0100RVALDE\",\"isPartOf\":{\"@id\":\"https:\/\/izglitiba.sigulda.lv\/#website\"},\"datePublished\":\"2022-04-03T15:42:38+00:00\",\"dateModified\":\"2022-10-19T07:58:28+00:00\",\"inLanguage\":\"lv-LV\",\"potentialAction\":[{\"@type\":\"ReadAction\",\"target\":[\"https:\/\/izglitiba.sigulda.lv\/?page_id=48\"]}]},{\"@type\":\"WebSite\",\"@id\":\"https:\/\/izglitiba.sigulda.lv\/#website\",\"url\":\"https:\/\/izglitiba.sigulda.lv\/\",\"name\":\"IZGL\u012aT\u012aBAS P\u0100RVALDE\",\"description\":\"IZGL\u012aT\u012aBAS P\u0100RVALDE\",\"publisher\":{\"@id\":\"https:\/\/izglitiba.sigulda.lv\/#organization\"},\"potentialAction\":[{\"@type\":\"SearchAction\",\"target\":{\"@type\":\"EntryPoint\",\"urlTemplate\":\"https:\/\/izglitiba.sigulda.lv\/?s={search_term_string}\"},\"query-input\":{\"@type\":\"PropertyValueSpecification\",\"valueRequired\":true,\"valueName\":\"search_term_string\"}}],\"inLanguage\":\"lv-LV\"},{\"@type\":\"Organization\",\"@id\":\"https:\/\/izglitiba.sigulda.lv\/#organization\",\"name\":\"IZGL\u012aT\u012aBAS P\u0100RVALDE\",\"url\":\"https:\/\/izglitiba.sigulda.lv\/\",\"logo\":{\"@type\":\"ImageObject\",\"inLanguage\":\"lv-LV\",\"@id\":\"https:\/\/izglitiba.sigulda.lv\/#\/schema\/logo\/image\/\",\"url\":\"https:\/\/izglitiba.sigulda.lv\/wp-content\/uploads\/2022\/04\/cropped-Sigulda-aizrauj-icon.png\",\"contentUrl\":\"https:\/\/izglitiba.sigulda.lv\/wp-content\/uploads\/2022\/04\/cropped-Sigulda-aizrauj-icon.png\",\"width\":300,\"height\":300,\"caption\":\"IZGL\u012aT\u012aBAS P\u0100RVALDE\"},\"image\":{\"@id\":\"https:\/\/izglitiba.sigulda.lv\/#\/schema\/logo\/image\/\"}}]}<\/script>\n<!-- \/ Yoast SEO plugin. -->","yoast_head_json":{"title":"- IZGL\u012aT\u012aBAS P\u0100RVALDE","robots":{"index":"index","follow":"follow","max-snippet":"max-snippet:-1","max-image-preview":"max-image-preview:large","max-video-preview":"max-video-preview:-1"},"canonical":"https:\/\/izglitiba.sigulda.lv\/?page_id=48","og_locale":"lv_LV","og_type":"article","og_title":"- IZGL\u012aT\u012aBAS P\u0100RVALDE","og_description":"Izgl\u012bt\u012bbas jomas 2022.\/2023.m\u0101c\u012bbu gada priorit\u0101tes 1. Daudzveid\u012bga m\u0101c\u012bbu satura pied\u0101v\u0101jums visp\u0101r\u0113j\u0101s vid\u0113j\u0101s izgl\u012bt\u012bbas posm\u0101, piev\u0113r\u0161ot uzman\u012bbu padzi\u013cin\u0101tiem un specializ\u0113tiem kursu pied\u0101v\u0101jumiem. 2. Kvalitat\u012bvas, pieejamas iek\u013caujo\u0161\u0101s izgl\u012bt\u012bbas nodro\u0161in\u0101\u0161ana, respekt\u0113jot b\u0113rnu un jaunie\u0161u da\u017e\u0101d\u0101s m\u0101c\u012b\u0161an\u0101s vajadz\u012bbas. 3. Inform\u0101cijas un komunik\u0101cijas tehnolo\u0123iju j\u0113gpilna un efekt\u012bva izmanto\u0161ana jaunu zin\u0101\u0161anu apguvei kl\u0101tienes un att\u0101lin\u0101t\u0101 m\u0101c\u012bbu proces\u0101. 4. Pozit\u012bvas las\u012bt un ... Las\u012bt t\u0101l\u0101k","og_url":"https:\/\/izglitiba.sigulda.lv\/?page_id=48","og_site_name":"IZGL\u012aT\u012aBAS P\u0100RVALDE","article_modified_time":"2022-10-19T07:58:28+00:00","twitter_card":"summary_large_image","twitter_misc":{"Est. reading time":"2 min\u016btes"},"schema":{"@context":"https:\/\/schema.org","@graph":[{"@type":"WebPage","@id":"https:\/\/izglitiba.sigulda.lv\/?page_id=48","url":"https:\/\/izglitiba.sigulda.lv\/?page_id=48","name":"- IZGL\u012aT\u012aBAS P\u0100RVALDE","isPartOf":{"@id":"https:\/\/izglitiba.sigulda.lv\/#website"},"datePublished":"2022-04-03T15:42:38+00:00","dateModified":"2022-10-19T07:58:28+00:00","inLanguage":"lv-LV","potentialAction":[{"@type":"ReadAction","target":["https:\/\/izglitiba.sigulda.lv\/?page_id=48"]}]},{"@type":"WebSite","@id":"https:\/\/izglitiba.sigulda.lv\/#website","url":"https:\/\/izglitiba.sigulda.lv\/","name":"IZGL\u012aT\u012aBAS P\u0100RVALDE","description":"IZGL\u012aT\u012aBAS P\u0100RVALDE","publisher":{"@id":"https:\/\/izglitiba.sigulda.lv\/#organization"},"potentialAction":[{"@type":"SearchAction","target":{"@type":"EntryPoint","urlTemplate":"https:\/\/izglitiba.sigulda.lv\/?s={search_term_string}"},"query-input":{"@type":"PropertyValueSpecification","valueRequired":true,"valueName":"search_term_string"}}],"inLanguage":"lv-LV"},{"@type":"Organization","@id":"https:\/\/izglitiba.sigulda.lv\/#organization","name":"IZGL\u012aT\u012aBAS P\u0100RVALDE","url":"https:\/\/izglitiba.sigulda.lv\/","logo":{"@type":"ImageObject","inLanguage":"lv-LV","@id":"https:\/\/izglitiba.sigulda.lv\/#\/schema\/logo\/image\/","url":"https:\/\/izglitiba.sigulda.lv\/wp-content\/uploads\/2022\/04\/cropped-Sigulda-aizrauj-icon.png","contentUrl":"https:\/\/izglitiba.sigulda.lv\/wp-content\/uploads\/2022\/04\/cropped-Sigulda-aizrauj-icon.png","width":300,"height":300,"caption":"IZGL\u012aT\u012aBAS P\u0100RVALDE"},"image":{"@id":"https:\/\/izglitiba.sigulda.lv\/#\/schema\/logo\/image\/"}}]}},"_links":{"self":[{"href":"https:\/\/izglitiba.sigulda.lv\/index.php?rest_route=\/wp\/v2\/pages\/48","targetHints":{"allow":["GET"]}}],"collection":[{"href":"https:\/\/izglitiba.sigulda.lv\/index.php?rest_route=\/wp\/v2\/pages"}],"about":[{"href":"https:\/\/izglitiba.sigulda.lv\/index.php?rest_route=\/wp\/v2\/types\/page"}],"author":[{"embeddable":true,"href":"https:\/\/izglitiba.sigulda.lv\/index.php?rest_route=\/wp\/v2\/users\/3"}],"replies":[{"embeddable":true,"href":"https:\/\/izglitiba.sigulda.lv\/index.php?rest_route=%2Fwp%2Fv2%2Fcomments&post=48"}],"version-history":[{"count":4,"href":"https:\/\/izglitiba.sigulda.lv\/index.php?rest_route=\/wp\/v2\/pages\/48\/revisions"}],"predecessor-version":[{"id":312,"href":"https:\/\/izglitiba.sigulda.lv\/index.php?rest_route=\/wp\/v2\/pages\/48\/revisions\/312"}],"wp:attachment":[{"href":"https:\/\/izglitiba.sigulda.lv\/index.php?rest_route=%2Fwp%2Fv2%2Fmedia&parent=48"}],"curies":[{"name":"wp","href":"https:\/\/api.w.org\/{rel}","templated":true}]}}