{"id":46,"date":"2022-04-03T18:12:08","date_gmt":"2022-04-03T15:12:08","guid":{"rendered":"https:\/\/izglitiba.sigulda.lv\/?page_id=46"},"modified":"2022-07-01T09:45:40","modified_gmt":"2022-07-01T06:45:40","slug":"46-2","status":"publish","type":"page","link":"https:\/\/izglitiba.sigulda.lv\/?page_id=46","title":{"rendered":""},"content":{"rendered":"\n<p><\/p>\n\n\n\n<p><strong>Izgl\u012bt\u012bbas p\u0101rvalde<\/strong><\/p>\n\n\n\n<p>Rai\u0146a iela 3, Sigulda<\/p>\n\n\n\n<p>E-pasts&nbsp;<a href=\"mailto:izglitiba@sigulda.lv\">izglitiba@sigulda.lv<\/a><\/p>\n\n\n\n<hr class=\"wp-block-separator has-text-color has-css-opacity has-background is-style-wide\" style=\"background-color:#ff6f00;color:#ff6f00\"\/>\n\n\n\n<p><strong>Izgl\u012bt\u012bbas p\u0101rvaldes vad\u012bt\u0101ja<\/strong><br>Inga Re\u0137e<br>T\u0101lr. 67970863<br>E-pasts&nbsp;<a href=\"mailto:izglitiba@sigulda.lv\">inga.reke@sigulda.lv<\/a><\/p>\n\n\n\n<p><strong>Speci\u0101liste izgl\u012bt\u012bbas administr\u0113\u0161anas jaut\u0101jumos<\/strong><br>Eva Uzula<br>T\u0101lr. 67970914<br>E-pasts&nbsp;<a href=\"mailto:eva.uzula@sigulda.lv\">eva.uzula@sigulda.lv<\/a><\/p>\n\n\n\n<p><strong>Speci\u0101liste izgl\u012bt\u012bbas administr\u0113\u0161anas jaut\u0101jumos<\/strong><br>Di\u0101na Eisaka<br>T\u0101lr. 67970914<br>E-pasts\u00a0<a href=\"mailto:eva.uzula@sigulda.lv\">diana.eisaka@sigulda.lv<\/a><\/p>\n\n\n\n<p><strong>Speci\u0101liste profesion\u0101l\u0101s ievirzes, intere\u0161u izgl\u012bt\u012bbas un pieaugu\u0161o izgl\u012bt\u012bbas jaut\u0101jumos<\/strong><br>Sandra \u0136irule<br>T\u0101lr. 67970932<br>E-pasts&nbsp;<a href=\"mailto:sandra.kirule@sigulda.lv\">sandra.kirule@sigulda.lv<\/a><\/p>\n\n\n\n<p><strong>Speci\u0101liste visp\u0101r\u0113j\u0101s izgl\u012bt\u012bbas jaut\u0101jumos<\/strong><br>Inguna M\u016bsi\u0146a <br>T\u0101lr. 68414922<br>E-pasts&nbsp;<a href=\"mailto:inguna.musina@sigulda.lv\">inguna.musina@sigulda.lv<\/a><\/p>\n\n\n\n<p><strong>Speci\u0101liste pirmsskolas un speci\u0101l\u0101s izgl\u012bt\u012bbas jaut\u0101jumos<\/strong><br>El\u012bna Damme<br>T\u0101lr. 68414922<br>E-pasts&nbsp;<a href=\"mailto:elina.damme@sigulda.lv\">elina.damme@sigulda.lv<\/a><\/p>\n\n\n\n<p><strong>Siguldas novada izgl\u012bt\u012bbas metodi\u0137e<\/strong><br>Vaira Sili\u0146a<br>T\u0101lr. 67976733<br>E-pasts&nbsp;<a href=\"mailto:vaira.silina@svg.lv\">vaira.silina@svg.lv<\/a><\/p>\n\n\n\n<p><strong>Projektu vad\u012bt\u0101ja<\/strong><br>Daiga Melcere<br>T\u0101lr.&nbsp;29100463<br>E-pasts&nbsp;<a href=\"mailto:daiga.melcere@sigulda.lv\">daiga.melcere@sigulda.lv<\/a><\/p>\n\n\n\n<p><strong>Pieaugu\u0161o izgl\u012bt\u012bbas projektu vad\u012bt\u0101ja<\/strong><br>L\u012bvija Muk\u0101ne<br>T\u0101lr. 26114137<br>E-pasts&nbsp;<a href=\"mailto:livija.mukane@sigulda.lv\">livija.mukane@sigulda.lv<\/a> <\/p>\n","protected":false},"excerpt":{"rendered":"<p>Izgl\u012bt\u012bbas p\u0101rvalde Rai\u0146a iela 3, Sigulda E-pasts&nbsp;izglitiba@sigulda.lv Izgl\u012bt\u012bbas p\u0101rvaldes vad\u012bt\u0101jaInga Re\u0137eT\u0101lr. 67970863E-pasts&nbsp;inga.reke@sigulda.lv Speci\u0101liste izgl\u012bt\u012bbas administr\u0113\u0161anas jaut\u0101jumosEva UzulaT\u0101lr. 67970914E-pasts&nbsp;eva.uzula@sigulda.lv Speci\u0101liste izgl\u012bt\u012bbas administr\u0113\u0161anas jaut\u0101jumosDi\u0101na EisakaT\u0101lr. 67970914E-pasts\u00a0diana.eisaka@sigulda.lv Speci\u0101liste profesion\u0101l\u0101s ievirzes, intere\u0161u izgl\u012bt\u012bbas un pieaugu\u0161o izgl\u012bt\u012bbas jaut\u0101jumosSandra \u0136iruleT\u0101lr. 67970932E-pasts&nbsp;sandra.kirule@sigulda.lv Speci\u0101liste visp\u0101r\u0113j\u0101s izgl\u012bt\u012bbas jaut\u0101jumosInguna M\u016bsi\u0146a T\u0101lr. 68414922E-pasts&nbsp;inguna.musina@sigulda.lv Speci\u0101liste pirmsskolas un speci\u0101l\u0101s izgl\u012bt\u012bbas jaut\u0101jumosEl\u012bna DammeT\u0101lr. 68414922E-pasts&nbsp;elina.damme@sigulda.lv Siguldas novada izgl\u012bt\u012bbas metodi\u0137eVaira Sili\u0146aT\u0101lr. &#8230; <a title=\"\" class=\"read-more\" href=\"https:\/\/izglitiba.sigulda.lv\/?page_id=46\" aria-label=\"Read more about \">Las\u012bt t\u0101l\u0101k<\/a><\/p>\n","protected":false},"author":3,"featured_media":0,"parent":0,"menu_order":0,"comment_status":"closed","ping_status":"closed","template":"","meta":{"footnotes":""},"class_list":["post-46","page","type-page","status-publish"],"yoast_head":"<!-- This site is optimized with the Yoast SEO plugin v26.6 - https:\/\/yoast.com\/wordpress\/plugins\/seo\/ -->\n<title>- IZGL\u012aT\u012aBAS P\u0100RVALDE<\/title>\n<meta name=\"robots\" content=\"index, follow, max-snippet:-1, max-image-preview:large, max-video-preview:-1\" \/>\n<link rel=\"canonical\" href=\"https:\/\/izglitiba.sigulda.lv\/?page_id=46\" \/>\n<meta property=\"og:locale\" content=\"lv_LV\" \/>\n<meta property=\"og:type\" content=\"article\" \/>\n<meta property=\"og:title\" content=\"- IZGL\u012aT\u012aBAS P\u0100RVALDE\" \/>\n<meta property=\"og:description\" content=\"Izgl\u012bt\u012bbas p\u0101rvalde Rai\u0146a iela 3, Sigulda E-pasts&nbsp;izglitiba@sigulda.lv Izgl\u012bt\u012bbas p\u0101rvaldes vad\u012bt\u0101jaInga Re\u0137eT\u0101lr. 67970863E-pasts&nbsp;inga.reke@sigulda.lv Speci\u0101liste izgl\u012bt\u012bbas administr\u0113\u0161anas jaut\u0101jumosEva UzulaT\u0101lr. 67970914E-pasts&nbsp;eva.uzula@sigulda.lv Speci\u0101liste izgl\u012bt\u012bbas administr\u0113\u0161anas jaut\u0101jumosDi\u0101na EisakaT\u0101lr. 67970914E-pasts\u00a0diana.eisaka@sigulda.lv Speci\u0101liste profesion\u0101l\u0101s ievirzes, intere\u0161u izgl\u012bt\u012bbas un pieaugu\u0161o izgl\u012bt\u012bbas jaut\u0101jumosSandra \u0136iruleT\u0101lr. 67970932E-pasts&nbsp;sandra.kirule@sigulda.lv Speci\u0101liste visp\u0101r\u0113j\u0101s izgl\u012bt\u012bbas jaut\u0101jumosInguna M\u016bsi\u0146a T\u0101lr. 68414922E-pasts&nbsp;inguna.musina@sigulda.lv Speci\u0101liste pirmsskolas un speci\u0101l\u0101s izgl\u012bt\u012bbas jaut\u0101jumosEl\u012bna DammeT\u0101lr. 68414922E-pasts&nbsp;elina.damme@sigulda.lv Siguldas novada izgl\u012bt\u012bbas metodi\u0137eVaira Sili\u0146aT\u0101lr. ... Las\u012bt t\u0101l\u0101k\" \/>\n<meta property=\"og:url\" content=\"https:\/\/izglitiba.sigulda.lv\/?page_id=46\" \/>\n<meta property=\"og:site_name\" content=\"IZGL\u012aT\u012aBAS P\u0100RVALDE\" \/>\n<meta property=\"article:modified_time\" content=\"2022-07-01T06:45:40+00:00\" \/>\n<meta name=\"twitter:card\" content=\"summary_large_image\" \/>\n<meta name=\"twitter:label1\" content=\"Est. reading time\" \/>\n\t<meta name=\"twitter:data1\" content=\"1 min\u016bte\" \/>\n<script type=\"application\/ld+json\" class=\"yoast-schema-graph\">{\"@context\":\"https:\/\/schema.org\",\"@graph\":[{\"@type\":\"WebPage\",\"@id\":\"https:\/\/izglitiba.sigulda.lv\/?page_id=46\",\"url\":\"https:\/\/izglitiba.sigulda.lv\/?page_id=46\",\"name\":\"- IZGL\u012aT\u012aBAS P\u0100RVALDE\",\"isPartOf\":{\"@id\":\"https:\/\/izglitiba.sigulda.lv\/#website\"},\"datePublished\":\"2022-04-03T15:12:08+00:00\",\"dateModified\":\"2022-07-01T06:45:40+00:00\",\"inLanguage\":\"lv-LV\",\"potentialAction\":[{\"@type\":\"ReadAction\",\"target\":[\"https:\/\/izglitiba.sigulda.lv\/?page_id=46\"]}]},{\"@type\":\"WebSite\",\"@id\":\"https:\/\/izglitiba.sigulda.lv\/#website\",\"url\":\"https:\/\/izglitiba.sigulda.lv\/\",\"name\":\"IZGL\u012aT\u012aBAS P\u0100RVALDE\",\"description\":\"IZGL\u012aT\u012aBAS P\u0100RVALDE\",\"publisher\":{\"@id\":\"https:\/\/izglitiba.sigulda.lv\/#organization\"},\"potentialAction\":[{\"@type\":\"SearchAction\",\"target\":{\"@type\":\"EntryPoint\",\"urlTemplate\":\"https:\/\/izglitiba.sigulda.lv\/?s={search_term_string}\"},\"query-input\":{\"@type\":\"PropertyValueSpecification\",\"valueRequired\":true,\"valueName\":\"search_term_string\"}}],\"inLanguage\":\"lv-LV\"},{\"@type\":\"Organization\",\"@id\":\"https:\/\/izglitiba.sigulda.lv\/#organization\",\"name\":\"IZGL\u012aT\u012aBAS P\u0100RVALDE\",\"url\":\"https:\/\/izglitiba.sigulda.lv\/\",\"logo\":{\"@type\":\"ImageObject\",\"inLanguage\":\"lv-LV\",\"@id\":\"https:\/\/izglitiba.sigulda.lv\/#\/schema\/logo\/image\/\",\"url\":\"https:\/\/izglitiba.sigulda.lv\/wp-content\/uploads\/2022\/04\/cropped-Sigulda-aizrauj-icon.png\",\"contentUrl\":\"https:\/\/izglitiba.sigulda.lv\/wp-content\/uploads\/2022\/04\/cropped-Sigulda-aizrauj-icon.png\",\"width\":300,\"height\":300,\"caption\":\"IZGL\u012aT\u012aBAS P\u0100RVALDE\"},\"image\":{\"@id\":\"https:\/\/izglitiba.sigulda.lv\/#\/schema\/logo\/image\/\"}}]}<\/script>\n<!-- \/ Yoast SEO plugin. -->","yoast_head_json":{"title":"- IZGL\u012aT\u012aBAS P\u0100RVALDE","robots":{"index":"index","follow":"follow","max-snippet":"max-snippet:-1","max-image-preview":"max-image-preview:large","max-video-preview":"max-video-preview:-1"},"canonical":"https:\/\/izglitiba.sigulda.lv\/?page_id=46","og_locale":"lv_LV","og_type":"article","og_title":"- IZGL\u012aT\u012aBAS P\u0100RVALDE","og_description":"Izgl\u012bt\u012bbas p\u0101rvalde Rai\u0146a iela 3, Sigulda E-pasts&nbsp;izglitiba@sigulda.lv Izgl\u012bt\u012bbas p\u0101rvaldes vad\u012bt\u0101jaInga Re\u0137eT\u0101lr. 67970863E-pasts&nbsp;inga.reke@sigulda.lv Speci\u0101liste izgl\u012bt\u012bbas administr\u0113\u0161anas jaut\u0101jumosEva UzulaT\u0101lr. 67970914E-pasts&nbsp;eva.uzula@sigulda.lv Speci\u0101liste izgl\u012bt\u012bbas administr\u0113\u0161anas jaut\u0101jumosDi\u0101na EisakaT\u0101lr. 67970914E-pasts\u00a0diana.eisaka@sigulda.lv Speci\u0101liste profesion\u0101l\u0101s ievirzes, intere\u0161u izgl\u012bt\u012bbas un pieaugu\u0161o izgl\u012bt\u012bbas jaut\u0101jumosSandra \u0136iruleT\u0101lr. 67970932E-pasts&nbsp;sandra.kirule@sigulda.lv Speci\u0101liste visp\u0101r\u0113j\u0101s izgl\u012bt\u012bbas jaut\u0101jumosInguna M\u016bsi\u0146a T\u0101lr. 68414922E-pasts&nbsp;inguna.musina@sigulda.lv Speci\u0101liste pirmsskolas un speci\u0101l\u0101s izgl\u012bt\u012bbas jaut\u0101jumosEl\u012bna DammeT\u0101lr. 68414922E-pasts&nbsp;elina.damme@sigulda.lv Siguldas novada izgl\u012bt\u012bbas metodi\u0137eVaira Sili\u0146aT\u0101lr. ... Las\u012bt t\u0101l\u0101k","og_url":"https:\/\/izglitiba.sigulda.lv\/?page_id=46","og_site_name":"IZGL\u012aT\u012aBAS P\u0100RVALDE","article_modified_time":"2022-07-01T06:45:40+00:00","twitter_card":"summary_large_image","twitter_misc":{"Est. reading time":"1 min\u016bte"},"schema":{"@context":"https:\/\/schema.org","@graph":[{"@type":"WebPage","@id":"https:\/\/izglitiba.sigulda.lv\/?page_id=46","url":"https:\/\/izglitiba.sigulda.lv\/?page_id=46","name":"- IZGL\u012aT\u012aBAS P\u0100RVALDE","isPartOf":{"@id":"https:\/\/izglitiba.sigulda.lv\/#website"},"datePublished":"2022-04-03T15:12:08+00:00","dateModified":"2022-07-01T06:45:40+00:00","inLanguage":"lv-LV","potentialAction":[{"@type":"ReadAction","target":["https:\/\/izglitiba.sigulda.lv\/?page_id=46"]}]},{"@type":"WebSite","@id":"https:\/\/izglitiba.sigulda.lv\/#website","url":"https:\/\/izglitiba.sigulda.lv\/","name":"IZGL\u012aT\u012aBAS P\u0100RVALDE","description":"IZGL\u012aT\u012aBAS P\u0100RVALDE","publisher":{"@id":"https:\/\/izglitiba.sigulda.lv\/#organization"},"potentialAction":[{"@type":"SearchAction","target":{"@type":"EntryPoint","urlTemplate":"https:\/\/izglitiba.sigulda.lv\/?s={search_term_string}"},"query-input":{"@type":"PropertyValueSpecification","valueRequired":true,"valueName":"search_term_string"}}],"inLanguage":"lv-LV"},{"@type":"Organization","@id":"https:\/\/izglitiba.sigulda.lv\/#organization","name":"IZGL\u012aT\u012aBAS P\u0100RVALDE","url":"https:\/\/izglitiba.sigulda.lv\/","logo":{"@type":"ImageObject","inLanguage":"lv-LV","@id":"https:\/\/izglitiba.sigulda.lv\/#\/schema\/logo\/image\/","url":"https:\/\/izglitiba.sigulda.lv\/wp-content\/uploads\/2022\/04\/cropped-Sigulda-aizrauj-icon.png","contentUrl":"https:\/\/izglitiba.sigulda.lv\/wp-content\/uploads\/2022\/04\/cropped-Sigulda-aizrauj-icon.png","width":300,"height":300,"caption":"IZGL\u012aT\u012aBAS P\u0100RVALDE"},"image":{"@id":"https:\/\/izglitiba.sigulda.lv\/#\/schema\/logo\/image\/"}}]}},"_links":{"self":[{"href":"https:\/\/izglitiba.sigulda.lv\/index.php?rest_route=\/wp\/v2\/pages\/46","targetHints":{"allow":["GET"]}}],"collection":[{"href":"https:\/\/izglitiba.sigulda.lv\/index.php?rest_route=\/wp\/v2\/pages"}],"about":[{"href":"https:\/\/izglitiba.sigulda.lv\/index.php?rest_route=\/wp\/v2\/types\/page"}],"author":[{"embeddable":true,"href":"https:\/\/izglitiba.sigulda.lv\/index.php?rest_route=\/wp\/v2\/users\/3"}],"replies":[{"embeddable":true,"href":"https:\/\/izglitiba.sigulda.lv\/index.php?rest_route=%2Fwp%2Fv2%2Fcomments&post=46"}],"version-history":[{"count":4,"href":"https:\/\/izglitiba.sigulda.lv\/index.php?rest_route=\/wp\/v2\/pages\/46\/revisions"}],"predecessor-version":[{"id":285,"href":"https:\/\/izglitiba.sigulda.lv\/index.php?rest_route=\/wp\/v2\/pages\/46\/revisions\/285"}],"wp:attachment":[{"href":"https:\/\/izglitiba.sigulda.lv\/index.php?rest_route=%2Fwp%2Fv2%2Fmedia&parent=46"}],"curies":[{"name":"wp","href":"https:\/\/api.w.org\/{rel}","templated":true}]}}