{"id":388,"date":"2024-02-21T15:44:25","date_gmt":"2024-02-21T13:44:25","guid":{"rendered":"https:\/\/izglitiba.sigulda.lv\/?page_id=388"},"modified":"2024-02-21T15:46:40","modified_gmt":"2024-02-21T13:46:40","slug":"allazu-pamatskola","status":"publish","type":"page","link":"https:\/\/izglitiba.sigulda.lv\/?page_id=388","title":{"rendered":""},"content":{"rendered":"\n<p><strong>Alla\u017eu pamatskola<\/strong><\/p>\n\n\n\n<iframe loading=\"lazy\" title=\"ALLA\u017dU PAMATSKOLAS LABB\u016aT\u012aBAS APTAUJA 2023\" width=\"1024\" height=\"612\" src=\"https:\/\/app.powerbi.com\/view?r=eyJrIjoiNDQyYTQ5ZjYtYWE0Zi00NTkyLWJjZjctNjZhZDUzZjNlZGI3IiwidCI6IjlhNzExMGUyLWI0MjItNDE3YS05NWYwLTdlM2U3N2IwNDI2NCIsImMiOjl9\" frameborder=\"0\" allowFullScreen=\"true\"><\/iframe>\n","protected":false},"excerpt":{"rendered":"<p>Alla\u017eu pamatskola<\/p>\n","protected":false},"author":3,"featured_media":0,"parent":0,"menu_order":0,"comment_status":"closed","ping_status":"closed","template":"","meta":{"footnotes":""},"class_list":["post-388","page","type-page","status-publish"],"yoast_head":"<!-- This site is optimized with the Yoast SEO plugin v26.6 - https:\/\/yoast.com\/wordpress\/plugins\/seo\/ -->\n<title>- IZGL\u012aT\u012aBAS P\u0100RVALDE<\/title>\n<meta name=\"robots\" content=\"index, follow, max-snippet:-1, max-image-preview:large, max-video-preview:-1\" \/>\n<link rel=\"canonical\" href=\"https:\/\/izglitiba.sigulda.lv\/?page_id=388\" \/>\n<meta property=\"og:locale\" content=\"lv_LV\" \/>\n<meta property=\"og:type\" content=\"article\" \/>\n<meta property=\"og:title\" content=\"- IZGL\u012aT\u012aBAS P\u0100RVALDE\" \/>\n<meta property=\"og:description\" content=\"Alla\u017eu pamatskola\" \/>\n<meta property=\"og:url\" content=\"https:\/\/izglitiba.sigulda.lv\/?page_id=388\" \/>\n<meta property=\"og:site_name\" content=\"IZGL\u012aT\u012aBAS P\u0100RVALDE\" \/>\n<meta property=\"article:modified_time\" content=\"2024-02-21T13:46:40+00:00\" \/>\n<meta name=\"twitter:card\" content=\"summary_large_image\" \/>\n<meta name=\"twitter:label1\" content=\"Est. reading time\" \/>\n\t<meta name=\"twitter:data1\" content=\"1 min\u016bte\" \/>\n<script type=\"application\/ld+json\" class=\"yoast-schema-graph\">{\"@context\":\"https:\/\/schema.org\",\"@graph\":[{\"@type\":\"WebPage\",\"@id\":\"https:\/\/izglitiba.sigulda.lv\/?page_id=388\",\"url\":\"https:\/\/izglitiba.sigulda.lv\/?page_id=388\",\"name\":\"- IZGL\u012aT\u012aBAS P\u0100RVALDE\",\"isPartOf\":{\"@id\":\"https:\/\/izglitiba.sigulda.lv\/#website\"},\"datePublished\":\"2024-02-21T13:44:25+00:00\",\"dateModified\":\"2024-02-21T13:46:40+00:00\",\"inLanguage\":\"lv-LV\",\"potentialAction\":[{\"@type\":\"ReadAction\",\"target\":[\"https:\/\/izglitiba.sigulda.lv\/?page_id=388\"]}]},{\"@type\":\"WebSite\",\"@id\":\"https:\/\/izglitiba.sigulda.lv\/#website\",\"url\":\"https:\/\/izglitiba.sigulda.lv\/\",\"name\":\"IZGL\u012aT\u012aBAS P\u0100RVALDE\",\"description\":\"IZGL\u012aT\u012aBAS P\u0100RVALDE\",\"publisher\":{\"@id\":\"https:\/\/izglitiba.sigulda.lv\/#organization\"},\"potentialAction\":[{\"@type\":\"SearchAction\",\"target\":{\"@type\":\"EntryPoint\",\"urlTemplate\":\"https:\/\/izglitiba.sigulda.lv\/?s={search_term_string}\"},\"query-input\":{\"@type\":\"PropertyValueSpecification\",\"valueRequired\":true,\"valueName\":\"search_term_string\"}}],\"inLanguage\":\"lv-LV\"},{\"@type\":\"Organization\",\"@id\":\"https:\/\/izglitiba.sigulda.lv\/#organization\",\"name\":\"IZGL\u012aT\u012aBAS P\u0100RVALDE\",\"url\":\"https:\/\/izglitiba.sigulda.lv\/\",\"logo\":{\"@type\":\"ImageObject\",\"inLanguage\":\"lv-LV\",\"@id\":\"https:\/\/izglitiba.sigulda.lv\/#\/schema\/logo\/image\/\",\"url\":\"https:\/\/izglitiba.sigulda.lv\/wp-content\/uploads\/2022\/04\/cropped-Sigulda-aizrauj-icon.png\",\"contentUrl\":\"https:\/\/izglitiba.sigulda.lv\/wp-content\/uploads\/2022\/04\/cropped-Sigulda-aizrauj-icon.png\",\"width\":300,\"height\":300,\"caption\":\"IZGL\u012aT\u012aBAS P\u0100RVALDE\"},\"image\":{\"@id\":\"https:\/\/izglitiba.sigulda.lv\/#\/schema\/logo\/image\/\"}}]}<\/script>\n<!-- \/ Yoast SEO plugin. -->","yoast_head_json":{"title":"- IZGL\u012aT\u012aBAS P\u0100RVALDE","robots":{"index":"index","follow":"follow","max-snippet":"max-snippet:-1","max-image-preview":"max-image-preview:large","max-video-preview":"max-video-preview:-1"},"canonical":"https:\/\/izglitiba.sigulda.lv\/?page_id=388","og_locale":"lv_LV","og_type":"article","og_title":"- IZGL\u012aT\u012aBAS P\u0100RVALDE","og_description":"Alla\u017eu pamatskola","og_url":"https:\/\/izglitiba.sigulda.lv\/?page_id=388","og_site_name":"IZGL\u012aT\u012aBAS P\u0100RVALDE","article_modified_time":"2024-02-21T13:46:40+00:00","twitter_card":"summary_large_image","twitter_misc":{"Est. reading time":"1 min\u016bte"},"schema":{"@context":"https:\/\/schema.org","@graph":[{"@type":"WebPage","@id":"https:\/\/izglitiba.sigulda.lv\/?page_id=388","url":"https:\/\/izglitiba.sigulda.lv\/?page_id=388","name":"- IZGL\u012aT\u012aBAS P\u0100RVALDE","isPartOf":{"@id":"https:\/\/izglitiba.sigulda.lv\/#website"},"datePublished":"2024-02-21T13:44:25+00:00","dateModified":"2024-02-21T13:46:40+00:00","inLanguage":"lv-LV","potentialAction":[{"@type":"ReadAction","target":["https:\/\/izglitiba.sigulda.lv\/?page_id=388"]}]},{"@type":"WebSite","@id":"https:\/\/izglitiba.sigulda.lv\/#website","url":"https:\/\/izglitiba.sigulda.lv\/","name":"IZGL\u012aT\u012aBAS P\u0100RVALDE","description":"IZGL\u012aT\u012aBAS P\u0100RVALDE","publisher":{"@id":"https:\/\/izglitiba.sigulda.lv\/#organization"},"potentialAction":[{"@type":"SearchAction","target":{"@type":"EntryPoint","urlTemplate":"https:\/\/izglitiba.sigulda.lv\/?s={search_term_string}"},"query-input":{"@type":"PropertyValueSpecification","valueRequired":true,"valueName":"search_term_string"}}],"inLanguage":"lv-LV"},{"@type":"Organization","@id":"https:\/\/izglitiba.sigulda.lv\/#organization","name":"IZGL\u012aT\u012aBAS P\u0100RVALDE","url":"https:\/\/izglitiba.sigulda.lv\/","logo":{"@type":"ImageObject","inLanguage":"lv-LV","@id":"https:\/\/izglitiba.sigulda.lv\/#\/schema\/logo\/image\/","url":"https:\/\/izglitiba.sigulda.lv\/wp-content\/uploads\/2022\/04\/cropped-Sigulda-aizrauj-icon.png","contentUrl":"https:\/\/izglitiba.sigulda.lv\/wp-content\/uploads\/2022\/04\/cropped-Sigulda-aizrauj-icon.png","width":300,"height":300,"caption":"IZGL\u012aT\u012aBAS P\u0100RVALDE"},"image":{"@id":"https:\/\/izglitiba.sigulda.lv\/#\/schema\/logo\/image\/"}}]}},"_links":{"self":[{"href":"https:\/\/izglitiba.sigulda.lv\/index.php?rest_route=\/wp\/v2\/pages\/388","targetHints":{"allow":["GET"]}}],"collection":[{"href":"https:\/\/izglitiba.sigulda.lv\/index.php?rest_route=\/wp\/v2\/pages"}],"about":[{"href":"https:\/\/izglitiba.sigulda.lv\/index.php?rest_route=\/wp\/v2\/types\/page"}],"author":[{"embeddable":true,"href":"https:\/\/izglitiba.sigulda.lv\/index.php?rest_route=\/wp\/v2\/users\/3"}],"replies":[{"embeddable":true,"href":"https:\/\/izglitiba.sigulda.lv\/index.php?rest_route=%2Fwp%2Fv2%2Fcomments&post=388"}],"version-history":[{"count":3,"href":"https:\/\/izglitiba.sigulda.lv\/index.php?rest_route=\/wp\/v2\/pages\/388\/revisions"}],"predecessor-version":[{"id":391,"href":"https:\/\/izglitiba.sigulda.lv\/index.php?rest_route=\/wp\/v2\/pages\/388\/revisions\/391"}],"wp:attachment":[{"href":"https:\/\/izglitiba.sigulda.lv\/index.php?rest_route=%2Fwp%2Fv2%2Fmedia&parent=388"}],"curies":[{"name":"wp","href":"https:\/\/api.w.org\/{rel}","templated":true}]}}