{"id":352,"date":"2023-08-28T10:01:51","date_gmt":"2023-08-28T08:01:51","guid":{"rendered":"https:\/\/izglitiba.sigulda.lv\/?page_id=352"},"modified":"2023-09-04T07:00:39","modified_gmt":"2023-09-04T05:00:39","slug":"352-2","status":"publish","type":"page","link":"https:\/\/izglitiba.sigulda.lv\/?page_id=352","title":{"rendered":""},"content":{"rendered":"\n<h2 class=\"wp-block-heading\"><strong>Siguldas b\u0113rnu un jaunie\u0161u literat\u016bras festiv\u0101ls<\/strong><\/h2>\n\n\n<div class=\"wp-block-image\">\n<figure class=\"aligncenter size-large\"><img loading=\"lazy\" decoding=\"async\" width=\"1024\" height=\"575\" src=\"https:\/\/izglitiba.sigulda.lv\/wp-content\/uploads\/2023\/08\/FB_COVER-1024x575.jpg\" alt=\"\" class=\"wp-image-367\" srcset=\"https:\/\/izglitiba.sigulda.lv\/wp-content\/uploads\/2023\/08\/FB_COVER-1024x575.jpg 1024w, https:\/\/izglitiba.sigulda.lv\/wp-content\/uploads\/2023\/08\/FB_COVER-300x169.jpg 300w, https:\/\/izglitiba.sigulda.lv\/wp-content\/uploads\/2023\/08\/FB_COVER-768x431.jpg 768w, https:\/\/izglitiba.sigulda.lv\/wp-content\/uploads\/2023\/08\/FB_COVER.jpg 1200w\" sizes=\"auto, (max-width: 1024px) 100vw, 1024px\" \/><\/figure>\n<\/div>\n\n\n<p>Siguldas b\u0113rnu un jaunie\u0161u literat\u016bras festiv\u0101ls notiks no 6. l\u012bdz 8. oktobrim. Festiv\u0101la daudzveid\u012bg\u0101 programma pied\u0101v\u0101s tik\u0161an\u0101s un darbn\u012bcas ar autoriem un ilustratoriem no Latvijas, Igaunijas, Lietuvas un Norv\u0113\u0123ijas, ilustr\u0101ciju izst\u0101des, te\u0101tra izr\u0101des, multimediju pastaigu un citus notikumus.<\/p>\n\n\n\n<p>Pirm\u0101 festiv\u0101la programma veidota ar m\u0113r\u0137i par\u0101d\u012bt literat\u016bras da\u017e\u0101d\u012bbu. T\u0101s uzdevums ir atrast un izveidot jaunus tiltus pie mazajiem un lielajiem las\u012bt\u0101jiem, lai piepild\u012btos festiv\u0101la sapnis \u2013 laso\u0161a sabiedr\u012bba, kur\u0101 literat\u016bra iek\u013caujas tikpat organiski k\u0101 soci\u0101lo t\u012bklu lieto\u0161ana vai video sp\u0113les.<\/p>\n\n\n\n<p>Programmas veidot\u0101ji r\u016bp\u012bgi izv\u0113l\u0113ju\u0161ies festiv\u0101la notikumus katrai b\u0113rnu un jaunie\u0161u vecuma grupai, piemekl\u0113jot atbilsto\u0161\u0101ko saturu un formu.<\/p>\n\n\n\n<p>Festiv\u0101ls notiek tr\u012bs dienas, no t\u0101m pirm\u0101 \u2013 6. oktobris \u2013 ir skolu diena, kad festiv\u0101la notikumus apmekl\u0113 vien\u012bgi novada izgl\u012bt\u012bbas iest\u0101\u017eu skol\u0113ni un vi\u0146u skolot\u0101ji. Savuk\u0101rt 7. un 8. oktobris ir publiski atv\u0113rt\u0101s dienas, uz kur\u0101m aicin\u0101ts ikviens. Visi notikumi, iz\u0146emot te\u0101tra izr\u0101des, ir bez maksas.<\/p>\n\n\n\n<p>Festiv\u0101la teritorija: Siguldas devons, Siguldas pils kvart\u0101ls, Jaunrades centrs, Rai\u0146a parks<\/p>\n\n\n\n<p><br>Programmu izstr\u0101d\u0101ju\u0161i: izdevniec\u012bbas \u201cLiels un mazs\u201d vad\u012bt\u0101ja Al\u012bse N\u012bgale, ilustratore, b\u0113rnu gr\u0101matu autore R\u016bta Briede, re\u017eisors J\u0101nis Znoti\u0146\u0161 un rado\u0161o industriju uz\u0146\u0113mums \u201cStory Hub\u201d.<\/p>\n\n\n\n<p>Festiv\u0101lu organiz\u0113: Siguldas novada kult\u016bras centrs \u201cSiguldas devons\u201d, Siguldas novada pa\u0161vald\u012bba<\/p>\n\n\n\n<p>Atbalsta: Valsts kult\u016brkapit\u0101la fonds, Zieme\u013cvalstu Ministru padomes birojs Latvij\u0101, Norv\u0113\u0123ijas Karalistes v\u0113stniec\u012bba, Igaunijas v\u0113stniec\u012bba R\u012bg\u0101, Zviedrijas v\u0113stniec\u012bba R\u012bg\u0101<\/p>\n\n\n\n<p>Informat\u012bvais atbalsts: \u201cDienas Medji\u201d, LSM, \u017eurn\u0101ls \u201cIR\u201d, \u201cLatvijas Mediji\u201d, Satori, \u017eurn\u0101ls \u201cBaltais Valis\u201d<\/p>\n\n\n\n<p>Sadarb\u012bbas partneri: Siguldas novada bibliot\u0113ka, Siguldas Jaunrades centrs, Valmieras Vasaras te\u0101tra festiv\u0101ls, Latvijas Gr\u0101matizdev\u0113ju asoci\u0101cija, Latvijas Nacion\u0101l\u0101 bibliot\u0113ka, Latvijas Kult\u016bras kanons, LNB Atbalsta biedr\u012bba, <em>Iloni Imedemaa<\/em> (Ilonas Br\u012bnumzeme, Igaunija), S\u0101brs<\/p>\n\n\n\n<p>Sekojiet Siguldas b\u0113rnu un jaunie\u0161u literat\u016bras festiv\u0101lam <a href=\"https:\/\/www.facebook.com\/Siguldasbernuunjauniesufestivals\">Facebook<\/a> un <a href=\"https:\/\/www.instagram.com\/sbjlf2023\/\">Instagram<\/a><\/p>\n\n\n\n<div class=\"wp-block-buttons is-layout-flex wp-block-buttons-is-layout-flex\">\n<div class=\"wp-block-button has-custom-width wp-block-button__width-100 has-custom-font-size is-style-fill has-large-font-size\"><a class=\"wp-block-button__link wp-element-button\" href=\"https:\/\/izglitiba.sigulda.lv\/?page_id=353\" style=\"border-radius:57px\">SBJLF skolu dienas notikumu apraksti<\/a><\/div>\n\n\n\n<div class=\"wp-block-button has-custom-width wp-block-button__width-100 has-custom-font-size is-style-fill has-large-font-size\"><a class=\"wp-block-button__link wp-element-button\" href=\"https:\/\/izglitiba.sigulda.lv\/?page_id=371\" style=\"border-radius:57px\">Festiv\u0101la skola<\/a><\/div>\n\n\n\n<div class=\"wp-block-button has-custom-width wp-block-button__width-100 has-custom-font-size is-style-fill has-large-font-size\"><a class=\"wp-block-button__link wp-element-button\" href=\"https:\/\/forms.gle\/vQWDDcvDgiFhjxR56\" style=\"border-radius:57px\">Skolu dienas notikumu pieteikuma anketa<\/a><\/div>\n<\/div>\n","protected":false},"excerpt":{"rendered":"<p>Siguldas b\u0113rnu un jaunie\u0161u literat\u016bras festiv\u0101ls Siguldas b\u0113rnu un jaunie\u0161u literat\u016bras festiv\u0101ls notiks no 6. l\u012bdz 8. oktobrim. Festiv\u0101la daudzveid\u012bg\u0101 programma pied\u0101v\u0101s tik\u0161an\u0101s un darbn\u012bcas ar autoriem un ilustratoriem no Latvijas, Igaunijas, Lietuvas un Norv\u0113\u0123ijas, ilustr\u0101ciju izst\u0101des, te\u0101tra izr\u0101des, multimediju pastaigu un citus notikumus. Pirm\u0101 festiv\u0101la programma veidota ar m\u0113r\u0137i par\u0101d\u012bt literat\u016bras da\u017e\u0101d\u012bbu. T\u0101s uzdevums &#8230; <a title=\"\" class=\"read-more\" href=\"https:\/\/izglitiba.sigulda.lv\/?page_id=352\" aria-label=\"Read more about \">Las\u012bt t\u0101l\u0101k<\/a><\/p>\n","protected":false},"author":3,"featured_media":0,"parent":0,"menu_order":0,"comment_status":"closed","ping_status":"closed","template":"","meta":{"footnotes":""},"class_list":["post-352","page","type-page","status-publish"],"yoast_head":"<!-- This site is optimized with the Yoast SEO plugin v26.6 - https:\/\/yoast.com\/wordpress\/plugins\/seo\/ -->\n<title>- IZGL\u012aT\u012aBAS P\u0100RVALDE<\/title>\n<meta name=\"robots\" content=\"index, follow, max-snippet:-1, max-image-preview:large, max-video-preview:-1\" \/>\n<link rel=\"canonical\" href=\"https:\/\/izglitiba.sigulda.lv\/?page_id=352\" \/>\n<meta property=\"og:locale\" content=\"lv_LV\" \/>\n<meta property=\"og:type\" content=\"article\" \/>\n<meta property=\"og:title\" content=\"- IZGL\u012aT\u012aBAS P\u0100RVALDE\" \/>\n<meta property=\"og:description\" content=\"Siguldas b\u0113rnu un jaunie\u0161u literat\u016bras festiv\u0101ls Siguldas b\u0113rnu un jaunie\u0161u literat\u016bras festiv\u0101ls notiks no 6. l\u012bdz 8. oktobrim. Festiv\u0101la daudzveid\u012bg\u0101 programma pied\u0101v\u0101s tik\u0161an\u0101s un darbn\u012bcas ar autoriem un ilustratoriem no Latvijas, Igaunijas, Lietuvas un Norv\u0113\u0123ijas, ilustr\u0101ciju izst\u0101des, te\u0101tra izr\u0101des, multimediju pastaigu un citus notikumus. Pirm\u0101 festiv\u0101la programma veidota ar m\u0113r\u0137i par\u0101d\u012bt literat\u016bras da\u017e\u0101d\u012bbu. T\u0101s uzdevums ... Las\u012bt t\u0101l\u0101k\" \/>\n<meta property=\"og:url\" content=\"https:\/\/izglitiba.sigulda.lv\/?page_id=352\" \/>\n<meta property=\"og:site_name\" content=\"IZGL\u012aT\u012aBAS P\u0100RVALDE\" \/>\n<meta property=\"article:modified_time\" content=\"2023-09-04T05:00:39+00:00\" \/>\n<meta property=\"og:image\" content=\"https:\/\/izglitiba.sigulda.lv\/wp-content\/uploads\/2023\/08\/FB_COVER-1024x575.jpg\" \/>\n<meta name=\"twitter:card\" content=\"summary_large_image\" \/>\n<meta name=\"twitter:label1\" content=\"Est. reading time\" \/>\n\t<meta name=\"twitter:data1\" content=\"2 min\u016btes\" \/>\n<script type=\"application\/ld+json\" class=\"yoast-schema-graph\">{\"@context\":\"https:\/\/schema.org\",\"@graph\":[{\"@type\":\"WebPage\",\"@id\":\"https:\/\/izglitiba.sigulda.lv\/?page_id=352\",\"url\":\"https:\/\/izglitiba.sigulda.lv\/?page_id=352\",\"name\":\"- IZGL\u012aT\u012aBAS P\u0100RVALDE\",\"isPartOf\":{\"@id\":\"https:\/\/izglitiba.sigulda.lv\/#website\"},\"primaryImageOfPage\":{\"@id\":\"https:\/\/izglitiba.sigulda.lv\/?page_id=352#primaryimage\"},\"image\":{\"@id\":\"https:\/\/izglitiba.sigulda.lv\/?page_id=352#primaryimage\"},\"thumbnailUrl\":\"https:\/\/izglitiba.sigulda.lv\/wp-content\/uploads\/2023\/08\/FB_COVER-1024x575.jpg\",\"datePublished\":\"2023-08-28T08:01:51+00:00\",\"dateModified\":\"2023-09-04T05:00:39+00:00\",\"inLanguage\":\"lv-LV\",\"potentialAction\":[{\"@type\":\"ReadAction\",\"target\":[\"https:\/\/izglitiba.sigulda.lv\/?page_id=352\"]}]},{\"@type\":\"ImageObject\",\"inLanguage\":\"lv-LV\",\"@id\":\"https:\/\/izglitiba.sigulda.lv\/?page_id=352#primaryimage\",\"url\":\"https:\/\/izglitiba.sigulda.lv\/wp-content\/uploads\/2023\/08\/FB_COVER.jpg\",\"contentUrl\":\"https:\/\/izglitiba.sigulda.lv\/wp-content\/uploads\/2023\/08\/FB_COVER.jpg\",\"width\":1200,\"height\":674},{\"@type\":\"WebSite\",\"@id\":\"https:\/\/izglitiba.sigulda.lv\/#website\",\"url\":\"https:\/\/izglitiba.sigulda.lv\/\",\"name\":\"IZGL\u012aT\u012aBAS P\u0100RVALDE\",\"description\":\"IZGL\u012aT\u012aBAS P\u0100RVALDE\",\"publisher\":{\"@id\":\"https:\/\/izglitiba.sigulda.lv\/#organization\"},\"potentialAction\":[{\"@type\":\"SearchAction\",\"target\":{\"@type\":\"EntryPoint\",\"urlTemplate\":\"https:\/\/izglitiba.sigulda.lv\/?s={search_term_string}\"},\"query-input\":{\"@type\":\"PropertyValueSpecification\",\"valueRequired\":true,\"valueName\":\"search_term_string\"}}],\"inLanguage\":\"lv-LV\"},{\"@type\":\"Organization\",\"@id\":\"https:\/\/izglitiba.sigulda.lv\/#organization\",\"name\":\"IZGL\u012aT\u012aBAS P\u0100RVALDE\",\"url\":\"https:\/\/izglitiba.sigulda.lv\/\",\"logo\":{\"@type\":\"ImageObject\",\"inLanguage\":\"lv-LV\",\"@id\":\"https:\/\/izglitiba.sigulda.lv\/#\/schema\/logo\/image\/\",\"url\":\"https:\/\/izglitiba.sigulda.lv\/wp-content\/uploads\/2022\/04\/cropped-Sigulda-aizrauj-icon.png\",\"contentUrl\":\"https:\/\/izglitiba.sigulda.lv\/wp-content\/uploads\/2022\/04\/cropped-Sigulda-aizrauj-icon.png\",\"width\":300,\"height\":300,\"caption\":\"IZGL\u012aT\u012aBAS P\u0100RVALDE\"},\"image\":{\"@id\":\"https:\/\/izglitiba.sigulda.lv\/#\/schema\/logo\/image\/\"}}]}<\/script>\n<!-- \/ Yoast SEO plugin. -->","yoast_head_json":{"title":"- IZGL\u012aT\u012aBAS P\u0100RVALDE","robots":{"index":"index","follow":"follow","max-snippet":"max-snippet:-1","max-image-preview":"max-image-preview:large","max-video-preview":"max-video-preview:-1"},"canonical":"https:\/\/izglitiba.sigulda.lv\/?page_id=352","og_locale":"lv_LV","og_type":"article","og_title":"- IZGL\u012aT\u012aBAS P\u0100RVALDE","og_description":"Siguldas b\u0113rnu un jaunie\u0161u literat\u016bras festiv\u0101ls Siguldas b\u0113rnu un jaunie\u0161u literat\u016bras festiv\u0101ls notiks no 6. l\u012bdz 8. oktobrim. Festiv\u0101la daudzveid\u012bg\u0101 programma pied\u0101v\u0101s tik\u0161an\u0101s un darbn\u012bcas ar autoriem un ilustratoriem no Latvijas, Igaunijas, Lietuvas un Norv\u0113\u0123ijas, ilustr\u0101ciju izst\u0101des, te\u0101tra izr\u0101des, multimediju pastaigu un citus notikumus. Pirm\u0101 festiv\u0101la programma veidota ar m\u0113r\u0137i par\u0101d\u012bt literat\u016bras da\u017e\u0101d\u012bbu. T\u0101s uzdevums ... Las\u012bt t\u0101l\u0101k","og_url":"https:\/\/izglitiba.sigulda.lv\/?page_id=352","og_site_name":"IZGL\u012aT\u012aBAS P\u0100RVALDE","article_modified_time":"2023-09-04T05:00:39+00:00","og_image":[{"url":"https:\/\/izglitiba.sigulda.lv\/wp-content\/uploads\/2023\/08\/FB_COVER-1024x575.jpg","type":"","width":"","height":""}],"twitter_card":"summary_large_image","twitter_misc":{"Est. reading time":"2 min\u016btes"},"schema":{"@context":"https:\/\/schema.org","@graph":[{"@type":"WebPage","@id":"https:\/\/izglitiba.sigulda.lv\/?page_id=352","url":"https:\/\/izglitiba.sigulda.lv\/?page_id=352","name":"- IZGL\u012aT\u012aBAS P\u0100RVALDE","isPartOf":{"@id":"https:\/\/izglitiba.sigulda.lv\/#website"},"primaryImageOfPage":{"@id":"https:\/\/izglitiba.sigulda.lv\/?page_id=352#primaryimage"},"image":{"@id":"https:\/\/izglitiba.sigulda.lv\/?page_id=352#primaryimage"},"thumbnailUrl":"https:\/\/izglitiba.sigulda.lv\/wp-content\/uploads\/2023\/08\/FB_COVER-1024x575.jpg","datePublished":"2023-08-28T08:01:51+00:00","dateModified":"2023-09-04T05:00:39+00:00","inLanguage":"lv-LV","potentialAction":[{"@type":"ReadAction","target":["https:\/\/izglitiba.sigulda.lv\/?page_id=352"]}]},{"@type":"ImageObject","inLanguage":"lv-LV","@id":"https:\/\/izglitiba.sigulda.lv\/?page_id=352#primaryimage","url":"https:\/\/izglitiba.sigulda.lv\/wp-content\/uploads\/2023\/08\/FB_COVER.jpg","contentUrl":"https:\/\/izglitiba.sigulda.lv\/wp-content\/uploads\/2023\/08\/FB_COVER.jpg","width":1200,"height":674},{"@type":"WebSite","@id":"https:\/\/izglitiba.sigulda.lv\/#website","url":"https:\/\/izglitiba.sigulda.lv\/","name":"IZGL\u012aT\u012aBAS P\u0100RVALDE","description":"IZGL\u012aT\u012aBAS P\u0100RVALDE","publisher":{"@id":"https:\/\/izglitiba.sigulda.lv\/#organization"},"potentialAction":[{"@type":"SearchAction","target":{"@type":"EntryPoint","urlTemplate":"https:\/\/izglitiba.sigulda.lv\/?s={search_term_string}"},"query-input":{"@type":"PropertyValueSpecification","valueRequired":true,"valueName":"search_term_string"}}],"inLanguage":"lv-LV"},{"@type":"Organization","@id":"https:\/\/izglitiba.sigulda.lv\/#organization","name":"IZGL\u012aT\u012aBAS P\u0100RVALDE","url":"https:\/\/izglitiba.sigulda.lv\/","logo":{"@type":"ImageObject","inLanguage":"lv-LV","@id":"https:\/\/izglitiba.sigulda.lv\/#\/schema\/logo\/image\/","url":"https:\/\/izglitiba.sigulda.lv\/wp-content\/uploads\/2022\/04\/cropped-Sigulda-aizrauj-icon.png","contentUrl":"https:\/\/izglitiba.sigulda.lv\/wp-content\/uploads\/2022\/04\/cropped-Sigulda-aizrauj-icon.png","width":300,"height":300,"caption":"IZGL\u012aT\u012aBAS P\u0100RVALDE"},"image":{"@id":"https:\/\/izglitiba.sigulda.lv\/#\/schema\/logo\/image\/"}}]}},"_links":{"self":[{"href":"https:\/\/izglitiba.sigulda.lv\/index.php?rest_route=\/wp\/v2\/pages\/352","targetHints":{"allow":["GET"]}}],"collection":[{"href":"https:\/\/izglitiba.sigulda.lv\/index.php?rest_route=\/wp\/v2\/pages"}],"about":[{"href":"https:\/\/izglitiba.sigulda.lv\/index.php?rest_route=\/wp\/v2\/types\/page"}],"author":[{"embeddable":true,"href":"https:\/\/izglitiba.sigulda.lv\/index.php?rest_route=\/wp\/v2\/users\/3"}],"replies":[{"embeddable":true,"href":"https:\/\/izglitiba.sigulda.lv\/index.php?rest_route=%2Fwp%2Fv2%2Fcomments&post=352"}],"version-history":[{"count":7,"href":"https:\/\/izglitiba.sigulda.lv\/index.php?rest_route=\/wp\/v2\/pages\/352\/revisions"}],"predecessor-version":[{"id":377,"href":"https:\/\/izglitiba.sigulda.lv\/index.php?rest_route=\/wp\/v2\/pages\/352\/revisions\/377"}],"wp:attachment":[{"href":"https:\/\/izglitiba.sigulda.lv\/index.php?rest_route=%2Fwp%2Fv2%2Fmedia&parent=352"}],"curies":[{"name":"wp","href":"https:\/\/api.w.org\/{rel}","templated":true}]}}