{"id":321,"date":"2023-01-24T16:47:12","date_gmt":"2023-01-24T13:47:12","guid":{"rendered":"https:\/\/izglitiba.sigulda.lv\/?page_id=321"},"modified":"2023-06-06T09:05:16","modified_gmt":"2023-06-06T07:05:16","slug":"321-2","status":"publish","type":"page","link":"https:\/\/izglitiba.sigulda.lv\/?page_id=321","title":{"rendered":""},"content":{"rendered":"\n<h1 class=\"wp-block-heading\">LAS\u012aT UN RAKST\u012aT IR AIZRAUJO\u0160I!<\/h1>\n\n\n\n<p><\/p>\n\n\n\n<p><\/p>\n\n\n\n<p>&nbsp;&nbsp;&nbsp;&nbsp; Las\u012btprasmi b\u0113rni s\u0101k apg\u016bt no mazotnes, &#8211; no br\u012b\u017ea, kad klaus\u0101s priek\u0161\u0101 las\u012btu tekstu. Kaut uzskata, ka las\u012btprasmi b\u0113rni apg\u016bst l\u012bdz ceturtajai klasei, \u0161\u012bs prasmes skol\u0113ni turpina pilnveidot l\u012bdz pat vidusskolas p\u0113d\u0113j\u0101m klas\u0113m. Vec\u0101ku attieksmei un mudin\u0101\u0161anai ir liela noz\u012bme b\u0113rna las\u012btprasmes veicin\u0101\u0161an\u0101. Laba las\u012btprasme ir viena no 21. gadsimta sabiedr\u012bbas soci\u0101laj\u0101m un ekonomiskaj\u0101m pamatpras\u012bb\u0101m. Las\u012b\u0161ana un rakst\u012b\u0161ana ir pamats cit\u0101m prasm\u0113m. T\u0101s ne vien ir nepiecie\u0161amas t\u0101l\u0101kai izgl\u012bt\u012bbas apguvei, bet ar\u012b b\u016btiskas, lai saprastu un iesaist\u012btos pasaul\u0113 ap mums.<\/p>\n\n\n\n<p>&nbsp;&nbsp;&nbsp;&nbsp; 2022.-2023. m\u0101c\u012bbu gada laik\u0101 Siguldas novad\u0101 tiks \u012bstenota las\u012bt veicin\u0101\u0161anas programma ar moto \u201cLas\u012bt un rakst\u012bt ir aizraujo\u0161i!\u201d.<\/p>\n\n\n\n<p>Programmas m\u0113r\u0137is -pozit\u012bvas las\u012bt un rakst\u012bt&nbsp; pieredzes veido\u0161ana, kuras rezult\u0101t\u0101 uzlabojas dz\u012bves kvalit\u0101te, ietverot izgl\u012btojo\u0161o, att\u012bsto\u0161o un socializ\u0113jo\u0161o aspektu.<\/p>\n\n\n\n<p>Programmas \u201cLas\u012bt un rakst\u012bt ir aizraujo\u0161i!\u201d priorit\u0101tes Siguldas novada izgl\u012bt\u012bbas iest\u0101d\u0113s:<\/p>\n\n\n\n<ul class=\"wp-block-list\">\n<li>Apg\u016bstot las\u012btprasmi, veicin\u0101t regul\u0101ru ieradumu veido\u0161anu da\u017e\u0101dos vecumposmos &#8211; las\u012bt kop\u0101 ar vec\u0101kiem\/vecvec\u0101kiem, las\u012bt br\u012bvaj\u0101 laik\u0101, apmekl\u0113t bibliot\u0113ku un&nbsp; izmantot tehnolo\u0123ijas las\u012btprasmes da\u017e\u0101do\u0161anai.<\/li>\n\n\n\n<li>Nodro\u0161in\u0101t atbalstu m\u0101c\u012bbu un audzin\u0101\u0161anas darb\u0101 ikvienam izgl\u012btojamam, veicinot las\u012btprieka, las\u012btprasmes un rakst\u012btprasmes individu\u0101l\u0101s sp\u0113jas un intereses.&nbsp;<\/li>\n\n\n\n<li>Las\u012bt un rakst\u012bt prasmi atspogu\u013cot notikumos un praks\u0113. Notikumi b\u016bs redzami z\u012bmju, plak\u0101tu, veidlapu, bro\u0161\u016bru vai dokumentu las\u012b\u0161an\u0101 un rakst\u012b\u0161an\u0101.<\/li>\n\n\n\n<li>Nodro\u0161in\u0101t j\u0113gpilnus un m\u0113r\u0137tiec\u012bgi organiz\u0113tus pas\u0101kumus, sadarbojoties pirmsskolai, skolai un bibliot\u0113kai.&nbsp;<\/li>\n<\/ul>\n\n\n\n<p>Svar\u012bgi piebilst, ka programmas saturs tiks veidots m\u0101c\u012bbu gada laik\u0101, sadarbojoties izgl\u012bt\u012bbas iest\u0101d\u0113m, bibliot\u0113k\u0101m, taj\u0101 skait\u0101 skolu bibliot\u0113k\u0101m.<\/p>\n\n\n\n<p><\/p>\n\n\n\n<ol class=\"wp-block-list\">\n<li><a href=\"https:\/\/izglitiba.sigulda.lv\/wp-content\/uploads\/2023\/01\/Sigulda_25.10.2022-1_compressed.pdf\" target=\"_blank\" rel=\"noreferrer noopener\">Lab\u0101s prakses piem\u0113ri las\u012btprieka veicin\u0101\u0161anai &#8211; Latvijas Nacion\u0101l\u0101 bibliot\u0113ka.<\/a><\/li>\n\n\n\n<li><a href=\"https:\/\/izglitiba.sigulda.lv\/wp-content\/uploads\/2023\/01\/Siguldas-literaturas-virzieni_2022_08.pdf\" target=\"_blank\" rel=\"noreferrer noopener\">Las\u012btveicin\u0101\u0161anas programma Siguldas novad\u0101 &#8211; Siguldas novada Kult\u016bras centrs.<\/a><\/li>\n\n\n\n<li><a href=\"https:\/\/drive.google.com\/file\/d\/1bf0halw5zc4AZuxvQ4XZ1fFn-ctT-aP9\/view\" target=\"_blank\" rel=\"noreferrer noopener\">Praktiski piem\u0113ri las\u012b\u0161anas veicin\u0101\u0161anai &#8211; A.Krie\u0137is <\/a><\/li>\n\n\n\n<li><a href=\"https:\/\/izglitiba.sigulda.lv\/wp-content\/uploads\/2023\/06\/Siguldas-novada-skolenu-aptauja_gala-zinojums.pdf\" target=\"_blank\" rel=\"noreferrer noopener\">Siguldas novada skol\u0113nu las\u012b\u0161anas un br\u012bv\u0101 laika pavad\u012b\u0161anas paradumi<\/a><\/li>\n<\/ol>\n","protected":false},"excerpt":{"rendered":"<p>LAS\u012aT UN RAKST\u012aT IR AIZRAUJO\u0160I! &nbsp;&nbsp;&nbsp;&nbsp; Las\u012btprasmi b\u0113rni s\u0101k apg\u016bt no mazotnes, &#8211; no br\u012b\u017ea, kad klaus\u0101s priek\u0161\u0101 las\u012btu tekstu. Kaut uzskata, ka las\u012btprasmi b\u0113rni apg\u016bst l\u012bdz ceturtajai klasei, \u0161\u012bs prasmes skol\u0113ni turpina pilnveidot l\u012bdz pat vidusskolas p\u0113d\u0113j\u0101m klas\u0113m. Vec\u0101ku attieksmei un mudin\u0101\u0161anai ir liela noz\u012bme b\u0113rna las\u012btprasmes veicin\u0101\u0161an\u0101. Laba las\u012btprasme ir viena no 21. &#8230; <a title=\"\" class=\"read-more\" href=\"https:\/\/izglitiba.sigulda.lv\/?page_id=321\" aria-label=\"Read more about \">Las\u012bt t\u0101l\u0101k<\/a><\/p>\n","protected":false},"author":3,"featured_media":0,"parent":0,"menu_order":0,"comment_status":"closed","ping_status":"closed","template":"","meta":{"footnotes":""},"class_list":["post-321","page","type-page","status-publish"],"yoast_head":"<!-- This site is optimized with the Yoast SEO plugin v26.6 - https:\/\/yoast.com\/wordpress\/plugins\/seo\/ -->\n<title>- IZGL\u012aT\u012aBAS P\u0100RVALDE<\/title>\n<meta name=\"robots\" content=\"index, follow, max-snippet:-1, max-image-preview:large, max-video-preview:-1\" \/>\n<link rel=\"canonical\" href=\"https:\/\/izglitiba.sigulda.lv\/?page_id=321\" \/>\n<meta property=\"og:locale\" content=\"lv_LV\" \/>\n<meta property=\"og:type\" content=\"article\" \/>\n<meta property=\"og:title\" content=\"- IZGL\u012aT\u012aBAS P\u0100RVALDE\" \/>\n<meta property=\"og:description\" content=\"LAS\u012aT UN RAKST\u012aT IR AIZRAUJO\u0160I! &nbsp;&nbsp;&nbsp;&nbsp; Las\u012btprasmi b\u0113rni s\u0101k apg\u016bt no mazotnes, &#8211; no br\u012b\u017ea, kad klaus\u0101s priek\u0161\u0101 las\u012btu tekstu. Kaut uzskata, ka las\u012btprasmi b\u0113rni apg\u016bst l\u012bdz ceturtajai klasei, \u0161\u012bs prasmes skol\u0113ni turpina pilnveidot l\u012bdz pat vidusskolas p\u0113d\u0113j\u0101m klas\u0113m. Vec\u0101ku attieksmei un mudin\u0101\u0161anai ir liela noz\u012bme b\u0113rna las\u012btprasmes veicin\u0101\u0161an\u0101. Laba las\u012btprasme ir viena no 21. ... Las\u012bt t\u0101l\u0101k\" \/>\n<meta property=\"og:url\" content=\"https:\/\/izglitiba.sigulda.lv\/?page_id=321\" \/>\n<meta property=\"og:site_name\" content=\"IZGL\u012aT\u012aBAS P\u0100RVALDE\" \/>\n<meta property=\"article:modified_time\" content=\"2023-06-06T07:05:16+00:00\" \/>\n<meta name=\"twitter:card\" content=\"summary_large_image\" \/>\n<meta name=\"twitter:label1\" content=\"Est. reading time\" \/>\n\t<meta name=\"twitter:data1\" content=\"2 min\u016btes\" \/>\n<script type=\"application\/ld+json\" class=\"yoast-schema-graph\">{\"@context\":\"https:\/\/schema.org\",\"@graph\":[{\"@type\":\"WebPage\",\"@id\":\"https:\/\/izglitiba.sigulda.lv\/?page_id=321\",\"url\":\"https:\/\/izglitiba.sigulda.lv\/?page_id=321\",\"name\":\"- IZGL\u012aT\u012aBAS P\u0100RVALDE\",\"isPartOf\":{\"@id\":\"https:\/\/izglitiba.sigulda.lv\/#website\"},\"datePublished\":\"2023-01-24T13:47:12+00:00\",\"dateModified\":\"2023-06-06T07:05:16+00:00\",\"inLanguage\":\"lv-LV\",\"potentialAction\":[{\"@type\":\"ReadAction\",\"target\":[\"https:\/\/izglitiba.sigulda.lv\/?page_id=321\"]}]},{\"@type\":\"WebSite\",\"@id\":\"https:\/\/izglitiba.sigulda.lv\/#website\",\"url\":\"https:\/\/izglitiba.sigulda.lv\/\",\"name\":\"IZGL\u012aT\u012aBAS P\u0100RVALDE\",\"description\":\"IZGL\u012aT\u012aBAS P\u0100RVALDE\",\"publisher\":{\"@id\":\"https:\/\/izglitiba.sigulda.lv\/#organization\"},\"potentialAction\":[{\"@type\":\"SearchAction\",\"target\":{\"@type\":\"EntryPoint\",\"urlTemplate\":\"https:\/\/izglitiba.sigulda.lv\/?s={search_term_string}\"},\"query-input\":{\"@type\":\"PropertyValueSpecification\",\"valueRequired\":true,\"valueName\":\"search_term_string\"}}],\"inLanguage\":\"lv-LV\"},{\"@type\":\"Organization\",\"@id\":\"https:\/\/izglitiba.sigulda.lv\/#organization\",\"name\":\"IZGL\u012aT\u012aBAS P\u0100RVALDE\",\"url\":\"https:\/\/izglitiba.sigulda.lv\/\",\"logo\":{\"@type\":\"ImageObject\",\"inLanguage\":\"lv-LV\",\"@id\":\"https:\/\/izglitiba.sigulda.lv\/#\/schema\/logo\/image\/\",\"url\":\"https:\/\/izglitiba.sigulda.lv\/wp-content\/uploads\/2022\/04\/cropped-Sigulda-aizrauj-icon.png\",\"contentUrl\":\"https:\/\/izglitiba.sigulda.lv\/wp-content\/uploads\/2022\/04\/cropped-Sigulda-aizrauj-icon.png\",\"width\":300,\"height\":300,\"caption\":\"IZGL\u012aT\u012aBAS P\u0100RVALDE\"},\"image\":{\"@id\":\"https:\/\/izglitiba.sigulda.lv\/#\/schema\/logo\/image\/\"}}]}<\/script>\n<!-- \/ Yoast SEO plugin. -->","yoast_head_json":{"title":"- IZGL\u012aT\u012aBAS P\u0100RVALDE","robots":{"index":"index","follow":"follow","max-snippet":"max-snippet:-1","max-image-preview":"max-image-preview:large","max-video-preview":"max-video-preview:-1"},"canonical":"https:\/\/izglitiba.sigulda.lv\/?page_id=321","og_locale":"lv_LV","og_type":"article","og_title":"- IZGL\u012aT\u012aBAS P\u0100RVALDE","og_description":"LAS\u012aT UN RAKST\u012aT IR AIZRAUJO\u0160I! &nbsp;&nbsp;&nbsp;&nbsp; Las\u012btprasmi b\u0113rni s\u0101k apg\u016bt no mazotnes, &#8211; no br\u012b\u017ea, kad klaus\u0101s priek\u0161\u0101 las\u012btu tekstu. Kaut uzskata, ka las\u012btprasmi b\u0113rni apg\u016bst l\u012bdz ceturtajai klasei, \u0161\u012bs prasmes skol\u0113ni turpina pilnveidot l\u012bdz pat vidusskolas p\u0113d\u0113j\u0101m klas\u0113m. Vec\u0101ku attieksmei un mudin\u0101\u0161anai ir liela noz\u012bme b\u0113rna las\u012btprasmes veicin\u0101\u0161an\u0101. Laba las\u012btprasme ir viena no 21. ... Las\u012bt t\u0101l\u0101k","og_url":"https:\/\/izglitiba.sigulda.lv\/?page_id=321","og_site_name":"IZGL\u012aT\u012aBAS P\u0100RVALDE","article_modified_time":"2023-06-06T07:05:16+00:00","twitter_card":"summary_large_image","twitter_misc":{"Est. reading time":"2 min\u016btes"},"schema":{"@context":"https:\/\/schema.org","@graph":[{"@type":"WebPage","@id":"https:\/\/izglitiba.sigulda.lv\/?page_id=321","url":"https:\/\/izglitiba.sigulda.lv\/?page_id=321","name":"- IZGL\u012aT\u012aBAS P\u0100RVALDE","isPartOf":{"@id":"https:\/\/izglitiba.sigulda.lv\/#website"},"datePublished":"2023-01-24T13:47:12+00:00","dateModified":"2023-06-06T07:05:16+00:00","inLanguage":"lv-LV","potentialAction":[{"@type":"ReadAction","target":["https:\/\/izglitiba.sigulda.lv\/?page_id=321"]}]},{"@type":"WebSite","@id":"https:\/\/izglitiba.sigulda.lv\/#website","url":"https:\/\/izglitiba.sigulda.lv\/","name":"IZGL\u012aT\u012aBAS P\u0100RVALDE","description":"IZGL\u012aT\u012aBAS P\u0100RVALDE","publisher":{"@id":"https:\/\/izglitiba.sigulda.lv\/#organization"},"potentialAction":[{"@type":"SearchAction","target":{"@type":"EntryPoint","urlTemplate":"https:\/\/izglitiba.sigulda.lv\/?s={search_term_string}"},"query-input":{"@type":"PropertyValueSpecification","valueRequired":true,"valueName":"search_term_string"}}],"inLanguage":"lv-LV"},{"@type":"Organization","@id":"https:\/\/izglitiba.sigulda.lv\/#organization","name":"IZGL\u012aT\u012aBAS P\u0100RVALDE","url":"https:\/\/izglitiba.sigulda.lv\/","logo":{"@type":"ImageObject","inLanguage":"lv-LV","@id":"https:\/\/izglitiba.sigulda.lv\/#\/schema\/logo\/image\/","url":"https:\/\/izglitiba.sigulda.lv\/wp-content\/uploads\/2022\/04\/cropped-Sigulda-aizrauj-icon.png","contentUrl":"https:\/\/izglitiba.sigulda.lv\/wp-content\/uploads\/2022\/04\/cropped-Sigulda-aizrauj-icon.png","width":300,"height":300,"caption":"IZGL\u012aT\u012aBAS P\u0100RVALDE"},"image":{"@id":"https:\/\/izglitiba.sigulda.lv\/#\/schema\/logo\/image\/"}}]}},"_links":{"self":[{"href":"https:\/\/izglitiba.sigulda.lv\/index.php?rest_route=\/wp\/v2\/pages\/321","targetHints":{"allow":["GET"]}}],"collection":[{"href":"https:\/\/izglitiba.sigulda.lv\/index.php?rest_route=\/wp\/v2\/pages"}],"about":[{"href":"https:\/\/izglitiba.sigulda.lv\/index.php?rest_route=\/wp\/v2\/types\/page"}],"author":[{"embeddable":true,"href":"https:\/\/izglitiba.sigulda.lv\/index.php?rest_route=\/wp\/v2\/users\/3"}],"replies":[{"embeddable":true,"href":"https:\/\/izglitiba.sigulda.lv\/index.php?rest_route=%2Fwp%2Fv2%2Fcomments&post=321"}],"version-history":[{"count":5,"href":"https:\/\/izglitiba.sigulda.lv\/index.php?rest_route=\/wp\/v2\/pages\/321\/revisions"}],"predecessor-version":[{"id":343,"href":"https:\/\/izglitiba.sigulda.lv\/index.php?rest_route=\/wp\/v2\/pages\/321\/revisions\/343"}],"wp:attachment":[{"href":"https:\/\/izglitiba.sigulda.lv\/index.php?rest_route=%2Fwp%2Fv2%2Fmedia&parent=321"}],"curies":[{"name":"wp","href":"https:\/\/api.w.org\/{rel}","templated":true}]}}