{"id":286,"date":"2022-08-09T15:15:51","date_gmt":"2022-08-09T12:15:51","guid":{"rendered":"https:\/\/izglitiba.sigulda.lv\/?page_id=286"},"modified":"2022-08-17T21:35:59","modified_gmt":"2022-08-17T18:35:59","slug":"privatuma-politika","status":"publish","type":"page","link":"https:\/\/izglitiba.sigulda.lv\/?page_id=286","title":{"rendered":"Priv\u0101tuma politika"},"content":{"rendered":"\n<p><strong>Kas ir s\u012bkdatnes?<\/strong><\/p>\n\n\n\n<p>S\u012bkdatnes ir mazas burtu un skait\u013cu datnes, kas tiek lejupiel\u0101d\u0113tas un saglab\u0101tas j\u016bsu dator\u0101 vai cit\u0101 ier\u012bc\u0113 (piem\u0113ram, viedt\u0101lrun\u012b, plan\u0161etdator\u0101), un saglab\u0101tas j\u016bsu t\u012bmek\u013ca p\u0101rl\u016bk\u0101 vietnes apmekl\u0113juma laik\u0101. T\u0101s var izmantot, lai sekotu l\u012bdzi, k\u0101das lapas vietn\u0113 apmekl\u0113jat, lai saglab\u0101tu j\u016bsu ievad\u012bto inform\u0101ciju vai atcer\u0113tos j\u016bsu izv\u0113les, piem\u0113ram, valodas iestat\u012bjumus, vietnes p\u0101rl\u016bko\u0161anas laik\u0101.<\/p>\n\n\n\n<p>S\u012bkdatnes ir nepiecie\u0161amas, lai m\u0113s var\u0113tu nodro\u0161in\u0101t interneta vietnes darb\u012bbu. M\u0113s izmantojam da\u017e\u0101da veida savas un tre\u0161o pu\u0161u s\u012bkdatnes, kas tiek izvietotas p\u0113c noklus\u0113juma (&#8220;nepiecie\u0161am\u0101s&#8221; s\u012bkdatnes).<\/p>\n\n\n\n<p><strong>S\u012bkdat\u0146u veidi un pielietojums<\/strong><\/p>\n\n\n\n<p>M\u0113s izmantojam tikai nepiecie\u0161am\u0101s s\u012bkdatnes.<\/p>\n\n\n\n<p><strong><u>Nepiecie\u0161am\u0101s s\u012bkdatnes<\/u><\/strong><\/p>\n\n\n\n<p>Nepiecie\u0161am\u0101s s\u012bkdatnes ir b\u016btiskas un t\u0101s jums \u013cauj piek\u013c\u016bt da\u017e\u0101d\u0101m t\u012bmek\u013ca vietnes da\u013c\u0101m. \u0160\u012bs s\u012bkdatnes tiek saglab\u0101tas j\u016bsu dator\u0101, viedt\u0101lrun\u012b, plan\u0161etdator\u0101 vai cit\u0101 ier\u012bc\u0113 vietnes apmekl\u0113juma un p\u0101rl\u016bko\u0161anas laik\u0101 vai noteikt\u0101 laika period\u0101. T\u0101s tiek iestat\u012btas, rea\u0123\u0113jot uz j\u016bsu darb\u012bb\u0101m, kas ir uzskat\u0101mas par pakalpojuma piepras\u012b\u0161anu, piem\u0113ram, priv\u0101tuma preferen\u010du iestat\u012b\u0161ana. \u0160\u012bs s\u012bkdatnes ir nepiecie\u0161amas t\u012bmek\u013ca vietnes darb\u012bbai, t\u0101p\u0113c t\u0101s nevar izsl\u0113gt, un t\u0101d\u0113\u013c lietot\u0101ja piekri\u0161ana \u0161ai s\u012bkdat\u0146u kategorijai netiek pras\u012bta.<\/p>\n\n\n\n<p><strong>Vietn\u0113\u00a0lietoto s\u012bkdat\u0146u saraksts<\/strong><\/p>\n\n\n\n<p><strong><u>Nepiecie\u0161am\u0101s s\u012bkdatnes<\/u><\/strong>\u00a0\u2013 \u0161\u012bs s\u012bkdatnes nodro\u0161ina vietnes korektu darb\u012bbu, nodro\u0161inot t\u0101s pamata funkcijas. T\u012bmek\u013ca vietne bez \u0161\u012bm s\u012bkdatn\u0113m nevar\u0113s pareizi funkcion\u0113t.<\/p>\n\n\n\n<p><\/p>\n\n\n\n<figure class=\"wp-block-table\"><table><thead><tr><th><strong>Nosaukums<\/strong><\/th><th><strong>Nol\u016bks<\/strong><\/th><th><strong>Glab\u0101\u0161anas termi\u0146\u0161<\/strong><\/th><\/tr><\/thead><tbody><tr><td>cookie_notice_accepted<\/td><td>GDPR s\u012bkdat\u0146u pazi\u0146ojums. Inform\u0113 par t\u012bmek\u013ca vietn\u0113 izmantotaj\u0101m s\u012bkdatn\u0113m<\/td><td>1 m\u0113nesis<\/td><\/tr><\/tbody><\/table><\/figure>\n\n\n\n<p><\/p>\n\n\n\n<p><strong>Atteik\u0161an\u0101s no s\u012bkdat\u0146u izmanto\u0161anas<\/strong><\/p>\n\n\n\n<p>S\u012bkdat\u0146u iestat\u012bjumus j\u016bs varat main\u012bt jebkur\u0101 laik\u0101 sav\u0101 interneta p\u0101rl\u016bkprogramm\u0101. Piem\u0113ram, j\u016bs varat aktiviz\u0113t sav\u0101 p\u0101rl\u016bkprogramm\u0101 funkciju, kas \u013cauj noraid\u012bt visus s\u012bkdat\u0146u saglab\u0101\u0161anas priek\u0161likumus. \u0160os iestat\u012bjumus j\u016bs varat atrast savas interneta p\u0101rl\u016bkprogrammas izv\u0113ln\u0113s &#8220;iesp\u0113jas&#8221; vai &#8220;preferences&#8221;. T\u0101pat ar\u012b J\u016bs variet izdz\u0113st jau saglab\u0101t\u0101s s\u012bkdantes. Zem\u0101k j\u016bs varat atrast da\u017eas noder\u012bgas saites:<\/p>\n\n\n\n<p>\uf0b7&nbsp; Chrome:&nbsp;<a href=\"http:\/\/support.google.com\/chrome\/bin\/answer.py?hl=en&amp;answer=95647\" target=\"_blank\" rel=\"noreferrer noopener\">Google Chrome Help Center<\/a><\/p>\n\n\n\n<p>\uf0b7&nbsp; Firefox:&nbsp;<a href=\"http:\/\/support.mozilla.org\/en-US\/kb\/cookies-information-websites-store-on-your-computer?redirectlocale=en-US&amp;redirectslug=Cookies\" target=\"_blank\" rel=\"noreferrer noopener\">Cookies &#8211; Information that websites store on your computer<\/a><\/p>\n\n\n\n<p>\uf0b7&nbsp; Safari:&nbsp;<a href=\"https:\/\/support.apple.com\/kb\/PH21411\" target=\"_blank\" rel=\"noreferrer noopener\">Safari for macOS Sierra: Manage cookies and website data using Safari<\/a><\/p>\n\n\n\n<p>\uf0b7&nbsp; Edge:&nbsp;<a href=\"https:\/\/privacy.microsoft.com\/en-us\/windows-10-microsoft-edge-and-privacy\" target=\"_blank\" rel=\"noreferrer noopener\">Microsoft Edge, browsing data, and privacy<\/a><\/p>\n\n\n\n<p>\uf0b7&nbsp; Opera:&nbsp;<a href=\"http:\/\/www.opera.com\/help\/tutorials\/security\/privacy\/\" target=\"_blank\" rel=\"noreferrer noopener\">Security and Privacy in Opera (Referrals, redirections, and cookies)<\/a><\/p>\n\n\n\n<p>Vair\u0101k inform\u0101cijas, k\u0101 kontrol\u0113t s\u012bkdatnes atbilsto\u0161i ier\u012bces p\u0101rl\u016bkprogrammai, var atrast t\u012bmek\u013cvietn\u0113: <a href=\"https:\/\/www.aboutcookies.org\/\" target=\"_blank\" rel=\"noreferrer noopener\">www.aboutcookies.org<\/a>.<\/p>\n\n\n\n<p>Tom\u0113r j\u0101\u0146em v\u0113r\u0101, ka nepiecie\u0161am\u0101s s\u012bkdatnes ir nepiecie\u0161amas \u0161\u012bs interneta vietnes pilnv\u0113rt\u012bgas darb\u012bbas nodro\u0161in\u0101\u0161anai, bez nepicie\u0161amaj\u0101m s\u012bkdatn\u0113m t\u0101 var pilnv\u0113rt\u012bgi nedarboties.<\/p>\n\n\n\n<p><strong>Politikas izmai\u0146as<\/strong><\/p>\n\n\n\n<p>Papildus inform\u0101ciju par personas datu apstr\u0101di var ieg\u016bt Siguldas novada pa\u0161vald\u012bbas t\u012bmek\u013ca vietnes <a href=\"http:\/\/www.sigulda.lv\" target=\"_blank\" rel=\"noreferrer noopener\">www.sigulda.lv<\/a> sada\u013c\u0101 Pa\u0161vald\u012bba \/ Priv\u0101tuma politika, iepaz\u012bstoties ar Siguldas novada pa\u0161vald\u012bbas iek\u0161\u0113jiem noteikumiem \u201cPar Siguldas novada pa\u0161vald\u012bbas personas datu apstr\u0101des priv\u0101tuma politiku\u201d vai kl\u0101tien\u0113 Siguldas novada pa\u0161vald\u012bbas klientu apkalpo\u0161anas viet\u0101s.<\/p>\n\n\n\n<p>Mums ir ties\u012bbas jebkur\u0101 br\u012bd\u012b izmain\u012bt \u0161o s\u012bkdat\u0146u politiku. Visas izmai\u0146as&nbsp;s\u012bkdat\u0146u izmanto\u0161anas politik\u0101 tiks public\u0113tas \u0161eit.&nbsp;<\/p>\n\n\n\n<hr class=\"wp-block-separator has-alpha-channel-opacity\"\/>\n\n\n\n<p><a id=\"_msocom_1\"><\/a><\/p>\n","protected":false},"excerpt":{"rendered":"<p>Kas ir s\u012bkdatnes? S\u012bkdatnes ir mazas burtu un skait\u013cu datnes, kas tiek lejupiel\u0101d\u0113tas un saglab\u0101tas j\u016bsu dator\u0101 vai cit\u0101 ier\u012bc\u0113 (piem\u0113ram, viedt\u0101lrun\u012b, plan\u0161etdator\u0101), un saglab\u0101tas j\u016bsu t\u012bmek\u013ca p\u0101rl\u016bk\u0101 vietnes apmekl\u0113juma laik\u0101. T\u0101s var izmantot, lai sekotu l\u012bdzi, k\u0101das lapas vietn\u0113 apmekl\u0113jat, lai saglab\u0101tu j\u016bsu ievad\u012bto inform\u0101ciju vai atcer\u0113tos j\u016bsu izv\u0113les, piem\u0113ram, valodas iestat\u012bjumus, vietnes p\u0101rl\u016bko\u0161anas &#8230; <a title=\"Priv\u0101tuma politika\" class=\"read-more\" href=\"https:\/\/izglitiba.sigulda.lv\/?page_id=286\" aria-label=\"Read more about Priv\u0101tuma politika\">Las\u012bt t\u0101l\u0101k<\/a><\/p>\n","protected":false},"author":1,"featured_media":0,"parent":0,"menu_order":0,"comment_status":"closed","ping_status":"closed","template":"","meta":{"footnotes":""},"class_list":["post-286","page","type-page","status-publish"],"yoast_head":"<!-- This site is optimized with the Yoast SEO plugin v26.6 - https:\/\/yoast.com\/wordpress\/plugins\/seo\/ -->\n<title>Priv\u0101tuma politika - IZGL\u012aT\u012aBAS P\u0100RVALDE<\/title>\n<meta name=\"robots\" content=\"index, follow, max-snippet:-1, max-image-preview:large, max-video-preview:-1\" \/>\n<link rel=\"canonical\" href=\"https:\/\/izglitiba.sigulda.lv\/?page_id=286\" \/>\n<meta property=\"og:locale\" content=\"lv_LV\" \/>\n<meta property=\"og:type\" content=\"article\" \/>\n<meta property=\"og:title\" content=\"Priv\u0101tuma politika - IZGL\u012aT\u012aBAS P\u0100RVALDE\" \/>\n<meta property=\"og:description\" content=\"Kas ir s\u012bkdatnes? S\u012bkdatnes ir mazas burtu un skait\u013cu datnes, kas tiek lejupiel\u0101d\u0113tas un saglab\u0101tas j\u016bsu dator\u0101 vai cit\u0101 ier\u012bc\u0113 (piem\u0113ram, viedt\u0101lrun\u012b, plan\u0161etdator\u0101), un saglab\u0101tas j\u016bsu t\u012bmek\u013ca p\u0101rl\u016bk\u0101 vietnes apmekl\u0113juma laik\u0101. T\u0101s var izmantot, lai sekotu l\u012bdzi, k\u0101das lapas vietn\u0113 apmekl\u0113jat, lai saglab\u0101tu j\u016bsu ievad\u012bto inform\u0101ciju vai atcer\u0113tos j\u016bsu izv\u0113les, piem\u0113ram, valodas iestat\u012bjumus, vietnes p\u0101rl\u016bko\u0161anas ... Las\u012bt t\u0101l\u0101k\" \/>\n<meta property=\"og:url\" content=\"https:\/\/izglitiba.sigulda.lv\/?page_id=286\" \/>\n<meta property=\"og:site_name\" content=\"IZGL\u012aT\u012aBAS P\u0100RVALDE\" \/>\n<meta property=\"article:modified_time\" content=\"2022-08-17T18:35:59+00:00\" \/>\n<meta name=\"twitter:card\" content=\"summary_large_image\" \/>\n<meta name=\"twitter:label1\" content=\"Est. reading time\" \/>\n\t<meta name=\"twitter:data1\" content=\"3 min\u016btes\" \/>\n<script type=\"application\/ld+json\" class=\"yoast-schema-graph\">{\"@context\":\"https:\/\/schema.org\",\"@graph\":[{\"@type\":\"WebPage\",\"@id\":\"https:\/\/izglitiba.sigulda.lv\/?page_id=286\",\"url\":\"https:\/\/izglitiba.sigulda.lv\/?page_id=286\",\"name\":\"Priv\u0101tuma politika - IZGL\u012aT\u012aBAS P\u0100RVALDE\",\"isPartOf\":{\"@id\":\"https:\/\/izglitiba.sigulda.lv\/#website\"},\"datePublished\":\"2022-08-09T12:15:51+00:00\",\"dateModified\":\"2022-08-17T18:35:59+00:00\",\"breadcrumb\":{\"@id\":\"https:\/\/izglitiba.sigulda.lv\/?page_id=286#breadcrumb\"},\"inLanguage\":\"lv-LV\",\"potentialAction\":[{\"@type\":\"ReadAction\",\"target\":[\"https:\/\/izglitiba.sigulda.lv\/?page_id=286\"]}]},{\"@type\":\"BreadcrumbList\",\"@id\":\"https:\/\/izglitiba.sigulda.lv\/?page_id=286#breadcrumb\",\"itemListElement\":[{\"@type\":\"ListItem\",\"position\":1,\"name\":\"Home\",\"item\":\"https:\/\/izglitiba.sigulda.lv\/\"},{\"@type\":\"ListItem\",\"position\":2,\"name\":\"Priv\u0101tuma politika\"}]},{\"@type\":\"WebSite\",\"@id\":\"https:\/\/izglitiba.sigulda.lv\/#website\",\"url\":\"https:\/\/izglitiba.sigulda.lv\/\",\"name\":\"IZGL\u012aT\u012aBAS P\u0100RVALDE\",\"description\":\"IZGL\u012aT\u012aBAS P\u0100RVALDE\",\"publisher\":{\"@id\":\"https:\/\/izglitiba.sigulda.lv\/#organization\"},\"potentialAction\":[{\"@type\":\"SearchAction\",\"target\":{\"@type\":\"EntryPoint\",\"urlTemplate\":\"https:\/\/izglitiba.sigulda.lv\/?s={search_term_string}\"},\"query-input\":{\"@type\":\"PropertyValueSpecification\",\"valueRequired\":true,\"valueName\":\"search_term_string\"}}],\"inLanguage\":\"lv-LV\"},{\"@type\":\"Organization\",\"@id\":\"https:\/\/izglitiba.sigulda.lv\/#organization\",\"name\":\"IZGL\u012aT\u012aBAS P\u0100RVALDE\",\"url\":\"https:\/\/izglitiba.sigulda.lv\/\",\"logo\":{\"@type\":\"ImageObject\",\"inLanguage\":\"lv-LV\",\"@id\":\"https:\/\/izglitiba.sigulda.lv\/#\/schema\/logo\/image\/\",\"url\":\"https:\/\/izglitiba.sigulda.lv\/wp-content\/uploads\/2022\/04\/cropped-Sigulda-aizrauj-icon.png\",\"contentUrl\":\"https:\/\/izglitiba.sigulda.lv\/wp-content\/uploads\/2022\/04\/cropped-Sigulda-aizrauj-icon.png\",\"width\":300,\"height\":300,\"caption\":\"IZGL\u012aT\u012aBAS P\u0100RVALDE\"},\"image\":{\"@id\":\"https:\/\/izglitiba.sigulda.lv\/#\/schema\/logo\/image\/\"}}]}<\/script>\n<!-- \/ Yoast SEO plugin. -->","yoast_head_json":{"title":"Priv\u0101tuma politika - IZGL\u012aT\u012aBAS P\u0100RVALDE","robots":{"index":"index","follow":"follow","max-snippet":"max-snippet:-1","max-image-preview":"max-image-preview:large","max-video-preview":"max-video-preview:-1"},"canonical":"https:\/\/izglitiba.sigulda.lv\/?page_id=286","og_locale":"lv_LV","og_type":"article","og_title":"Priv\u0101tuma politika - IZGL\u012aT\u012aBAS P\u0100RVALDE","og_description":"Kas ir s\u012bkdatnes? S\u012bkdatnes ir mazas burtu un skait\u013cu datnes, kas tiek lejupiel\u0101d\u0113tas un saglab\u0101tas j\u016bsu dator\u0101 vai cit\u0101 ier\u012bc\u0113 (piem\u0113ram, viedt\u0101lrun\u012b, plan\u0161etdator\u0101), un saglab\u0101tas j\u016bsu t\u012bmek\u013ca p\u0101rl\u016bk\u0101 vietnes apmekl\u0113juma laik\u0101. T\u0101s var izmantot, lai sekotu l\u012bdzi, k\u0101das lapas vietn\u0113 apmekl\u0113jat, lai saglab\u0101tu j\u016bsu ievad\u012bto inform\u0101ciju vai atcer\u0113tos j\u016bsu izv\u0113les, piem\u0113ram, valodas iestat\u012bjumus, vietnes p\u0101rl\u016bko\u0161anas ... Las\u012bt t\u0101l\u0101k","og_url":"https:\/\/izglitiba.sigulda.lv\/?page_id=286","og_site_name":"IZGL\u012aT\u012aBAS P\u0100RVALDE","article_modified_time":"2022-08-17T18:35:59+00:00","twitter_card":"summary_large_image","twitter_misc":{"Est. reading time":"3 min\u016btes"},"schema":{"@context":"https:\/\/schema.org","@graph":[{"@type":"WebPage","@id":"https:\/\/izglitiba.sigulda.lv\/?page_id=286","url":"https:\/\/izglitiba.sigulda.lv\/?page_id=286","name":"Priv\u0101tuma politika - IZGL\u012aT\u012aBAS P\u0100RVALDE","isPartOf":{"@id":"https:\/\/izglitiba.sigulda.lv\/#website"},"datePublished":"2022-08-09T12:15:51+00:00","dateModified":"2022-08-17T18:35:59+00:00","breadcrumb":{"@id":"https:\/\/izglitiba.sigulda.lv\/?page_id=286#breadcrumb"},"inLanguage":"lv-LV","potentialAction":[{"@type":"ReadAction","target":["https:\/\/izglitiba.sigulda.lv\/?page_id=286"]}]},{"@type":"BreadcrumbList","@id":"https:\/\/izglitiba.sigulda.lv\/?page_id=286#breadcrumb","itemListElement":[{"@type":"ListItem","position":1,"name":"Home","item":"https:\/\/izglitiba.sigulda.lv\/"},{"@type":"ListItem","position":2,"name":"Priv\u0101tuma politika"}]},{"@type":"WebSite","@id":"https:\/\/izglitiba.sigulda.lv\/#website","url":"https:\/\/izglitiba.sigulda.lv\/","name":"IZGL\u012aT\u012aBAS P\u0100RVALDE","description":"IZGL\u012aT\u012aBAS P\u0100RVALDE","publisher":{"@id":"https:\/\/izglitiba.sigulda.lv\/#organization"},"potentialAction":[{"@type":"SearchAction","target":{"@type":"EntryPoint","urlTemplate":"https:\/\/izglitiba.sigulda.lv\/?s={search_term_string}"},"query-input":{"@type":"PropertyValueSpecification","valueRequired":true,"valueName":"search_term_string"}}],"inLanguage":"lv-LV"},{"@type":"Organization","@id":"https:\/\/izglitiba.sigulda.lv\/#organization","name":"IZGL\u012aT\u012aBAS P\u0100RVALDE","url":"https:\/\/izglitiba.sigulda.lv\/","logo":{"@type":"ImageObject","inLanguage":"lv-LV","@id":"https:\/\/izglitiba.sigulda.lv\/#\/schema\/logo\/image\/","url":"https:\/\/izglitiba.sigulda.lv\/wp-content\/uploads\/2022\/04\/cropped-Sigulda-aizrauj-icon.png","contentUrl":"https:\/\/izglitiba.sigulda.lv\/wp-content\/uploads\/2022\/04\/cropped-Sigulda-aizrauj-icon.png","width":300,"height":300,"caption":"IZGL\u012aT\u012aBAS P\u0100RVALDE"},"image":{"@id":"https:\/\/izglitiba.sigulda.lv\/#\/schema\/logo\/image\/"}}]}},"_links":{"self":[{"href":"https:\/\/izglitiba.sigulda.lv\/index.php?rest_route=\/wp\/v2\/pages\/286","targetHints":{"allow":["GET"]}}],"collection":[{"href":"https:\/\/izglitiba.sigulda.lv\/index.php?rest_route=\/wp\/v2\/pages"}],"about":[{"href":"https:\/\/izglitiba.sigulda.lv\/index.php?rest_route=\/wp\/v2\/types\/page"}],"author":[{"embeddable":true,"href":"https:\/\/izglitiba.sigulda.lv\/index.php?rest_route=\/wp\/v2\/users\/1"}],"replies":[{"embeddable":true,"href":"https:\/\/izglitiba.sigulda.lv\/index.php?rest_route=%2Fwp%2Fv2%2Fcomments&post=286"}],"version-history":[{"count":3,"href":"https:\/\/izglitiba.sigulda.lv\/index.php?rest_route=\/wp\/v2\/pages\/286\/revisions"}],"predecessor-version":[{"id":291,"href":"https:\/\/izglitiba.sigulda.lv\/index.php?rest_route=\/wp\/v2\/pages\/286\/revisions\/291"}],"wp:attachment":[{"href":"https:\/\/izglitiba.sigulda.lv\/index.php?rest_route=%2Fwp%2Fv2%2Fmedia&parent=286"}],"curies":[{"name":"wp","href":"https:\/\/api.w.org\/{rel}","templated":true}]}}